{"id":1279,"date":"2022-08-27T14:25:00","date_gmt":"2022-08-27T12:25:00","guid":{"rendered":"http:\/\/alvh.asso.fr\/wordpress\/?page_id=168"},"modified":"2025-08-28T14:28:59","modified_gmt":"2025-08-28T12:28:59","slug":"multisports","status":"publish","type":"page","link":"http:\/\/alvh.asso.fr\/wordpress\/multisports\/","title":{"rendered":"Kid&rsquo;s Moov"},"content":{"rendered":"\n<p>Dans la continuit\u00e9 du Baby&rsquo;s Mouv donner \u00e0 votre enfant la possibilit\u00e9 de pratiquer diff\u00e9rentes disciplines. Le Kid&rsquo;s Mouv permet \u00e0 votre enfant de s&rsquo;\u00e9panouir et de ne pas \u00eatre enferm\u00e9 dans un sport toute l&rsquo;ann\u00e9e, pas de pression , ni de comp\u00e9tition juste le plaisir de d\u00e9couvrir le sport dans ses deux facettes.<\/p>\n\n\n\n<p>Sports collectifs (foot, basket ball, badminton, etc&#8230;)<\/p>\n\n\n\n<p>Sports individuels (parcours gymnique, tir \u00e0 l&rsquo;arc, Slack, courses orientations, etc&#8230;)<\/p>\n\n\n\n<p>Cette activit\u00e9 permettra  \u00e0 votre enfant de d\u00e9couvrir tout au long d&rsquo;une saison sportive diff\u00e9rents sports et de peut \u00eatre trouver son sport de pr\u00e9dilection .<\/p>\n\n\n\n<h2 class=\"wp-block-heading has-light-green-cyan-color has-text-color\"><\/h2>\n\n\n<div class=\"wp-block-image\">\n<figure class=\"aligncenter size-full\"><a href=\"http:\/\/alvh.asso.fr\/wordpress\/wp-content\/uploads\/2022\/08\/image-11.png\"><img loading=\"lazy\" decoding=\"async\" width=\"235\" height=\"300\" src=\"http:\/\/alvh.asso.fr\/wordpress\/wp-content\/uploads\/2022\/08\/image-11.png\" alt=\"\" class=\"wp-image-2375\" srcset=\"http:\/\/alvh.asso.fr\/wordpress\/wp-content\/uploads\/2022\/08\/image-11.png 235w, http:\/\/alvh.asso.fr\/wordpress\/wp-content\/uploads\/2022\/08\/image-11-118x150.png 118w\" sizes=\"auto, (max-width: 235px) 100vw, 235px\" \/><\/a><figcaption class=\"wp-element-caption\"><strong>Thomas<\/strong><\/figcaption><\/figure>\n<\/div>\n\n\n<p>Si vous souhaitez vous inscrire pour l&rsquo;activit\u00e9 cross training \u00e0 l&rsquo;A.L.V.H vous pouvez la t\u00e9l\u00e9charger la fiche d&rsquo;inscription ci-dessous  et la remplir chez vous. <\/p>\n\n\n\n<div class=\"wp-block-file\"><a id=\"wp-block-file--media-462eabc2-1489-48a7-88d8-fd2a5b840df5\" href=\"http:\/\/alvh.asso.fr\/wordpress\/wp-content\/uploads\/2025\/08\/0-Fiche_inscription_2025-2026baby-moov-kids-moov-5.docx\">0-Fiche_inscription_2025-2026baby moov-kids moov<\/a><a href=\"http:\/\/alvh.asso.fr\/wordpress\/wp-content\/uploads\/2025\/08\/0-Fiche_inscription_2025-2026baby-moov-kids-moov-5.docx\" class=\"wp-block-file__button wp-element-button\" download aria-describedby=\"wp-block-file--media-462eabc2-1489-48a7-88d8-fd2a5b840df5\">T\u00e9l\u00e9charger<\/a><\/div>\n\n\n\n<figure class=\"wp-block-table\"><table class=\"has-fixed-layout\"><tbody><tr><td class=\"has-text-align-center\" data-align=\"center\"><strong>Lieu<\/strong><\/td><td class=\"has-text-align-center\" data-align=\"center\"><strong>Age<\/strong><\/td><td class=\"has-text-align-center\" data-align=\"center\"><strong>Jour<\/strong><\/td><td class=\"has-text-align-center\" data-align=\"center\"><strong>Heure<\/strong><\/td><td class=\"has-text-align-center\" data-align=\"center\"><strong>Contact<\/strong><\/td><\/tr><tr><td class=\"has-text-align-center\" data-align=\"center\">Gymnase <br>Victor Hugo <\/td><td class=\"has-text-align-center\" data-align=\"center\">7-10ans<\/td><td class=\"has-text-align-center\" data-align=\"center\">Mercredi<\/td><td class=\"has-text-align-center\" data-align=\"center\">17h15-18h15<\/td><td class=\"has-text-align-center\" data-align=\"center\">0611070711<\/td><\/tr><\/tbody><\/table><figcaption class=\"wp-element-caption\">Saison sportive 2025-2026<\/figcaption><\/figure>\n\n\n\n<figure class=\"wp-block-table\"><table class=\"has-fixed-layout\"><tbody><tr><td>Ville<\/td><td>Adh\u00e9sion<\/td><td>Cotisation <\/td><td>Total<\/td><\/tr><tr><td>Laxou<\/td><td>15\u20ac<\/td><td>170\u20ac<\/td><td>185\u20ac<\/td><\/tr><tr><td>autres <\/td><td>20\u20ac<\/td><td>170\u20ac<\/td><td>190\u20ac<\/td><\/tr><\/tbody><\/table><figcaption class=\"wp-element-caption\">Tarifs saison 2025\/2026<\/figcaption><\/figure>\n\n\n\n<figure class=\"wp-block-gallery has-nested-images columns-default is-cropped wp-block-gallery-1 is-layout-flex wp-block-gallery-is-layout-flex\">\n<figure class=\"wp-block-image size-large\"><img decoding=\"async\" data-id=\"2377\" src=\"http:\/\/alvh.asso.fr\/wordpress\/wp-content\/uploads\/2022\/08\/image-12-768x1024.png\" alt=\"\" class=\"wp-image-2377\"\/><\/figure>\n\n\n\n<figure class=\"wp-block-image size-large\"><img decoding=\"async\" data-id=\"2379\" src=\"http:\/\/alvh.asso.fr\/wordpress\/wp-content\/uploads\/2022\/08\/image-13-1024x768.png\" alt=\"\" class=\"wp-image-2379\"\/><\/figure>\n\n\n\n<figure class=\"wp-block-image size-large\"><img decoding=\"async\" data-id=\"2381\" src=\"http:\/\/alvh.asso.fr\/wordpress\/wp-content\/uploads\/2022\/08\/image-14-1024x768.png\" alt=\"\" class=\"wp-image-2381\"\/><\/figure>\n\n\n\n<figure class=\"wp-block-image size-large\"><img decoding=\"async\" data-id=\"2383\" src=\"http:\/\/alvh.asso.fr\/wordpress\/wp-content\/uploads\/2022\/08\/image-15-1024x768.png\" alt=\"\" class=\"wp-image-2383\"\/><\/figure>\n\n\n\n<figure class=\"wp-block-image size-large\"><img decoding=\"async\" data-id=\"2387\" src=\"http:\/\/alvh.asso.fr\/wordpress\/wp-content\/uploads\/2022\/08\/image-17.png\" alt=\"\" class=\"wp-image-2387\"\/><\/figure>\n\n\n\n<figure class=\"wp-block-image size-large\"><img decoding=\"async\" data-id=\"2389\" src=\"http:\/\/alvh.asso.fr\/wordpress\/wp-content\/uploads\/2022\/08\/image-18-1024x768.png\" alt=\"\" class=\"wp-image-2389\"\/><\/figure>\n<figcaption class=\"blocks-gallery-caption wp-element-caption\">Activit\u00e9s Kid\u2019s Mouv<\/figcaption><\/figure>\n","protected":false},"excerpt":{"rendered":"<p>Dans la continuit\u00e9 du Baby&rsquo;s Mouv donner \u00e0 votre enfant la possibilit\u00e9 de pratiquer diff\u00e9rentes disciplines. Le Kid&rsquo;s Mouv permet \u00e0 votre enfant de s&rsquo;\u00e9panouir et de ne pas \u00eatre enferm\u00e9 dans un sport toute l&rsquo;ann\u00e9e, pas de pression , ni de comp\u00e9tition juste le plaisir de d\u00e9couvrir le sport\u2026<\/p>\n<p class=\"continue-reading-button\"> <a class=\"continue-reading-link\" href=\"http:\/\/alvh.asso.fr\/wordpress\/multisports\/\">Lire l&rsquo;article<i class=\"crycon-right-dir\"><\/i><\/a><\/p>\n","protected":false},"author":5,"featured_media":0,"parent":0,"menu_order":0,"comment_status":"closed","ping_status":"closed","template":"","meta":{"footnotes":""},"class_list":["post-1279","page","type-page","status-publish","hentry"],"_links":{"self":[{"href":"http:\/\/alvh.asso.fr\/wordpress\/wp-json\/wp\/v2\/pages\/1279","targetHints":{"allow":["GET"]}}],"collection":[{"href":"http:\/\/alvh.asso.fr\/wordpress\/wp-json\/wp\/v2\/pages"}],"about":[{"href":"http:\/\/alvh.asso.fr\/wordpress\/wp-json\/wp\/v2\/types\/page"}],"author":[{"embeddable":true,"href":"http:\/\/alvh.asso.fr\/wordpress\/wp-json\/wp\/v2\/users\/5"}],"replies":[{"embeddable":true,"href":"http:\/\/alvh.asso.fr\/wordpress\/wp-json\/wp\/v2\/comments?post=1279"}],"version-history":[{"count":21,"href":"http:\/\/alvh.asso.fr\/wordpress\/wp-json\/wp\/v2\/pages\/1279\/revisions"}],"predecessor-version":[{"id":4203,"href":"http:\/\/alvh.asso.fr\/wordpress\/wp-json\/wp\/v2\/pages\/1279\/revisions\/4203"}],"wp:attachment":[{"href":"http:\/\/alvh.asso.fr\/wordpress\/wp-json\/wp\/v2\/media?parent=1279"}],"curies":[{"name":"wp","href":"https:\/\/api.w.org\/{rel}","templated":true}]}}