{"id":1371,"date":"2022-08-26T18:00:45","date_gmt":"2022-08-26T16:00:45","guid":{"rendered":"http:\/\/localhost\/wordpress\/?page_id=1371"},"modified":"2025-08-28T14:23:53","modified_gmt":"2025-08-28T12:23:53","slug":"babys-moov","status":"publish","type":"page","link":"http:\/\/alvh.asso.fr\/wordpress\/babys-moov\/","title":{"rendered":"Baby&rsquo;s Moov"},"content":{"rendered":"\n<h2 class=\"wp-block-heading\">La discipline<\/h2>\n\n\n\n<p>Les enfants courent, grimpent, sautent, tirent, poussent, lancent, soul\u00e8vent, attrapent et d\u00e9placent des objets et acqui\u00e8rent ainsi dans l\u2019amusement des habilit\u00e9s motrices et physiques : endurance, r\u00e9sistance, flexibilit\u00e9, souplesse, puissance, vitesse, agilit\u00e9, psychomotricit\u00e9, \u00e9quilibre et pr\u00e9cision.<\/p>\n\n\n\n<p>Les exercices sont adapt\u00e9s \u00e0 l\u2019\u00e2ge et aux capacit\u00e9s de chacun. L\u2019utilisation de mat\u00e9riels (ballons, cerceaux, tapis, \u00e9lastiques, cordes, etc.\u2026) permet la vari\u00e9t\u00e9 de jeux dans les diff\u00e9rents ateliers.<\/p>\n\n\n\n<p>Les s\u00e9ances ont pour but :<\/p>\n\n\n\n<ul class=\"wp-block-list\">\n<li>D\u2019\u00e9veiller la curiosit\u00e9 par la d\u00e9couverte ludique de diff\u00e9rentes activit\u00e9s sportives et des valeurs qui leurs sont associ\u00e9es.<\/li>\n\n\n\n<li>D\u2019aider \u00e0 mieux conna\u00eetre son corps, \u00e0 r\u00e9pondre \u00e0 ses besoins, \u00e0 s\u2019adapter aux efforts physiques inconscients de la vie de tous les jours.<\/li>\n\n\n\n<li>De prendre conscience de ses possibilit\u00e9s physiques sans pour autant d\u00e9velopper une logique de comp\u00e9tition.<\/li>\n\n\n\n<li>De susciter l\u2019envie et la n\u00e9cessit\u00e9 de pratiquer une activit\u00e9 sportive d\u2019une mani\u00e8re r\u00e9guli\u00e8re.<\/li>\n\n\n\n<li>De se sociabiliser, se construire avec les autres et de d\u00e9velopper l\u2019esprit d\u2019\u00e9quipe et d\u2019entraide.<\/li>\n<\/ul>\n\n\n\n<p>Il est un excellent moyen de socialisation. La vari\u00e9t\u00e9 des exercices augmente la capacit\u00e9 d\u2019adaptation aux efforts physiques de tous les jours (comme soulever son cartable et le mettre sur son dos en toute s\u00e9curit\u00e9). La pratique de l\u2019activit\u00e9 sportive maximise et optimise l\u2019\u00e9quilibre physiologique, psychologique et organique de l\u2019enfant. L\u2019ambiance est ludique, les exercices sont int\u00e9gr\u00e9s et pr\u00e9sent\u00e9s sous forme de jeux. Ils transmettent le go\u00fbt de s\u2019amuser, se d\u00e9penser, se d\u00e9passer et progresser dans un cadre confiant et s\u00e9curis\u00e9.<\/p>\n\n\n<div class=\"wp-block-image\">\n<figure class=\"aligncenter size-medium\"><a href=\"http:\/\/alvh.asso.fr\/wordpress\/wp-content\/uploads\/2022\/08\/044b458e-1b6e-4a9f-893b-a490f2291a951.jpg\"><img decoding=\"async\" src=\"http:\/\/alvh.asso.fr\/wordpress\/wp-content\/uploads\/2022\/08\/044b458e-1b6e-4a9f-893b-a490f2291a951-235x300.jpg\" alt=\"\" class=\"wp-image-2330\"\/><\/a><figcaption class=\"wp-element-caption\"><strong>Thomas<\/strong><\/figcaption><\/figure>\n<\/div>\n\n\n<p>Si vous souhaitez vous inscrire pour l&rsquo;activit\u00e9 cross training \u00e0 l&rsquo;A.L.V.H vous pouvez la t\u00e9l\u00e9charger la fiche d&rsquo;inscription ci-dessous  et la remplir chez vous. <\/p>\n\n\n\n<div class=\"wp-block-file\"><a id=\"wp-block-file--media-0ffeac84-ba59-47ff-bc24-a78d735365ea\" href=\"http:\/\/alvh.asso.fr\/wordpress\/wp-content\/uploads\/2025\/08\/0-Fiche_inscription_2025-2026baby-moov-kids-moov-4.docx\">0-Fiche_inscription_2025-2026baby moov-kids moov<\/a><a href=\"http:\/\/alvh.asso.fr\/wordpress\/wp-content\/uploads\/2025\/08\/0-Fiche_inscription_2025-2026baby-moov-kids-moov-4.docx\" class=\"wp-block-file__button wp-element-button\" download aria-describedby=\"wp-block-file--media-0ffeac84-ba59-47ff-bc24-a78d735365ea\">T\u00e9l\u00e9charger<\/a><\/div>\n\n\n\n<figure class=\"wp-block-table is-style-regular\" style=\"letter-spacing:px\"><table class=\"has-black-color has-text-color has-fixed-layout\"><tbody><tr><td class=\"has-text-align-center\" data-align=\"center\"><strong>Lieu<\/strong><\/td><td class=\"has-text-align-center\" data-align=\"center\"><strong>Age<\/strong><\/td><td class=\"has-text-align-center\" data-align=\"center\"><strong>Jour<\/strong><\/td><td class=\"has-text-align-center\" data-align=\"center\"><strong>Heure<\/strong><\/td><td class=\"has-text-align-center\" data-align=\"center\"><strong>Contact<\/strong><\/td><\/tr><tr><td class=\"has-text-align-center\" data-align=\"center\">Gymnase Victor Hugo <\/td><td class=\"has-text-align-center\" data-align=\"center\">5-6  ans <\/td><td class=\"has-text-align-center\" data-align=\"center\">Mercredi <\/td><td class=\"has-text-align-center\" data-align=\"center\">15h15-16h00<\/td><td class=\"has-text-align-center\" data-align=\"center\">0611070711<\/td><\/tr><tr><td class=\"has-text-align-center\" data-align=\"center\">Gymnase <br>Victor  Hugo<\/td><td class=\"has-text-align-center\" data-align=\"center\">3 -4 ans<\/td><td class=\"has-text-align-center\" data-align=\"center\">Mercredi<\/td><td class=\"has-text-align-center\" data-align=\"center\">16h15-17h00<\/td><td class=\"has-text-align-center\" data-align=\"center\">0611070711<\/td><\/tr><\/tbody><\/table><figcaption class=\"wp-element-caption\">saison sportive 2025-2026<\/figcaption><\/figure>\n\n\n\n<p><\/p>\n\n\n\n<figure class=\"wp-block-table\"><table class=\"has-fixed-layout\"><tbody><tr><td class=\"has-text-align-center\" data-align=\"center\"><strong>Ville<\/strong><\/td><td class=\"has-text-align-center\" data-align=\"center\"><strong>Adh\u00e9sion <\/strong><\/td><td class=\"has-text-align-center\" data-align=\"center\"><strong>Cotisation<\/strong><\/td><td class=\"has-text-align-center\" data-align=\"center\"><strong>Total <\/strong><\/td><\/tr><tr><td class=\"has-text-align-center\" data-align=\"center\">Laxou<\/td><td class=\"has-text-align-center\" data-align=\"center\">15\u20ac<\/td><td class=\"has-text-align-center\" data-align=\"center\">170\u20ac<\/td><td class=\"has-text-align-center\" data-align=\"center\">185\u20ac<\/td><\/tr><tr><td class=\"has-text-align-center\" data-align=\"center\">Autres Villes <\/td><td class=\"has-text-align-center\" data-align=\"center\">20\u20ac<\/td><td class=\"has-text-align-center\" data-align=\"center\">170\u20ac<\/td><td class=\"has-text-align-center\" data-align=\"center\">190\u20ac<\/td><\/tr><\/tbody><\/table><figcaption class=\"wp-element-caption\">Tarif saison sportive 2025-2026<\/figcaption><\/figure>\n\n\n\n<p class=\"has-text-align-center has-black-color has-text-color\"><strong>Babys Moov <\/strong><\/p>\n\n\n\n<figure class=\"wp-block-gallery has-nested-images columns-default is-cropped wp-block-gallery-1 is-layout-flex wp-block-gallery-is-layout-flex\"><\/figure>\n\n\n\n<figure class=\"wp-block-gallery has-nested-images columns-default is-cropped wp-block-gallery-2 is-layout-flex wp-block-gallery-is-layout-flex\">\n<figure class=\"wp-block-image size-large\"><a href=\"http:\/\/alvh.asso.fr\/wordpress\/wp-content\/uploads\/2024\/07\/Eveil-sportif-9-scaled.jpg\"><img loading=\"lazy\" decoding=\"async\" width=\"1024\" height=\"768\" data-id=\"3672\" src=\"http:\/\/alvh.asso.fr\/wordpress\/wp-content\/uploads\/2024\/07\/Eveil-sportif-9-1024x768.jpg\" alt=\"\" class=\"wp-image-3672\" srcset=\"http:\/\/alvh.asso.fr\/wordpress\/wp-content\/uploads\/2024\/07\/Eveil-sportif-9-1024x768.jpg 1024w, http:\/\/alvh.asso.fr\/wordpress\/wp-content\/uploads\/2024\/07\/Eveil-sportif-9-300x225.jpg 300w, http:\/\/alvh.asso.fr\/wordpress\/wp-content\/uploads\/2024\/07\/Eveil-sportif-9-768x576.jpg 768w, http:\/\/alvh.asso.fr\/wordpress\/wp-content\/uploads\/2024\/07\/Eveil-sportif-9-1536x1152.jpg 1536w, http:\/\/alvh.asso.fr\/wordpress\/wp-content\/uploads\/2024\/07\/Eveil-sportif-9-2048x1536.jpg 2048w, http:\/\/alvh.asso.fr\/wordpress\/wp-content\/uploads\/2024\/07\/Eveil-sportif-9-150x113.jpg 150w\" sizes=\"auto, (max-width: 1024px) 100vw, 1024px\" \/><\/a><\/figure>\n\n\n\n<figure class=\"wp-block-image size-large\"><a href=\"http:\/\/alvh.asso.fr\/wordpress\/wp-content\/uploads\/2024\/07\/Eveil-sportif-8-scaled.jpg\"><img loading=\"lazy\" decoding=\"async\" width=\"1024\" height=\"768\" data-id=\"3671\" src=\"http:\/\/alvh.asso.fr\/wordpress\/wp-content\/uploads\/2024\/07\/Eveil-sportif-8-1024x768.jpg\" alt=\"\" class=\"wp-image-3671\" srcset=\"http:\/\/alvh.asso.fr\/wordpress\/wp-content\/uploads\/2024\/07\/Eveil-sportif-8-1024x768.jpg 1024w, http:\/\/alvh.asso.fr\/wordpress\/wp-content\/uploads\/2024\/07\/Eveil-sportif-8-300x225.jpg 300w, http:\/\/alvh.asso.fr\/wordpress\/wp-content\/uploads\/2024\/07\/Eveil-sportif-8-768x576.jpg 768w, http:\/\/alvh.asso.fr\/wordpress\/wp-content\/uploads\/2024\/07\/Eveil-sportif-8-1536x1152.jpg 1536w, http:\/\/alvh.asso.fr\/wordpress\/wp-content\/uploads\/2024\/07\/Eveil-sportif-8-2048x1536.jpg 2048w, http:\/\/alvh.asso.fr\/wordpress\/wp-content\/uploads\/2024\/07\/Eveil-sportif-8-150x113.jpg 150w\" sizes=\"auto, (max-width: 1024px) 100vw, 1024px\" \/><\/a><\/figure>\n\n\n\n<figure class=\"wp-block-image size-large\"><a href=\"http:\/\/alvh.asso.fr\/wordpress\/wp-content\/uploads\/2024\/07\/Eveil-sportif-7-scaled.jpg\"><img loading=\"lazy\" decoding=\"async\" width=\"1024\" height=\"768\" data-id=\"3670\" src=\"http:\/\/alvh.asso.fr\/wordpress\/wp-content\/uploads\/2024\/07\/Eveil-sportif-7-1024x768.jpg\" alt=\"\" class=\"wp-image-3670\" srcset=\"http:\/\/alvh.asso.fr\/wordpress\/wp-content\/uploads\/2024\/07\/Eveil-sportif-7-1024x768.jpg 1024w, http:\/\/alvh.asso.fr\/wordpress\/wp-content\/uploads\/2024\/07\/Eveil-sportif-7-300x225.jpg 300w, http:\/\/alvh.asso.fr\/wordpress\/wp-content\/uploads\/2024\/07\/Eveil-sportif-7-768x576.jpg 768w, http:\/\/alvh.asso.fr\/wordpress\/wp-content\/uploads\/2024\/07\/Eveil-sportif-7-1536x1152.jpg 1536w, http:\/\/alvh.asso.fr\/wordpress\/wp-content\/uploads\/2024\/07\/Eveil-sportif-7-2048x1536.jpg 2048w, http:\/\/alvh.asso.fr\/wordpress\/wp-content\/uploads\/2024\/07\/Eveil-sportif-7-150x113.jpg 150w\" sizes=\"auto, (max-width: 1024px) 100vw, 1024px\" \/><\/a><\/figure>\n\n\n\n<figure class=\"wp-block-image size-large\"><a href=\"http:\/\/alvh.asso.fr\/wordpress\/wp-content\/uploads\/2024\/07\/Eveil-sportif-5-scaled.jpg\"><img loading=\"lazy\" decoding=\"async\" width=\"1024\" height=\"768\" data-id=\"3668\" src=\"http:\/\/alvh.asso.fr\/wordpress\/wp-content\/uploads\/2024\/07\/Eveil-sportif-5-1024x768.jpg\" alt=\"\" class=\"wp-image-3668\" srcset=\"http:\/\/alvh.asso.fr\/wordpress\/wp-content\/uploads\/2024\/07\/Eveil-sportif-5-1024x768.jpg 1024w, http:\/\/alvh.asso.fr\/wordpress\/wp-content\/uploads\/2024\/07\/Eveil-sportif-5-300x225.jpg 300w, http:\/\/alvh.asso.fr\/wordpress\/wp-content\/uploads\/2024\/07\/Eveil-sportif-5-768x576.jpg 768w, http:\/\/alvh.asso.fr\/wordpress\/wp-content\/uploads\/2024\/07\/Eveil-sportif-5-1536x1152.jpg 1536w, http:\/\/alvh.asso.fr\/wordpress\/wp-content\/uploads\/2024\/07\/Eveil-sportif-5-2048x1536.jpg 2048w, http:\/\/alvh.asso.fr\/wordpress\/wp-content\/uploads\/2024\/07\/Eveil-sportif-5-150x113.jpg 150w\" sizes=\"auto, (max-width: 1024px) 100vw, 1024px\" \/><\/a><\/figure>\n\n\n\n<figure class=\"wp-block-image size-large\"><a href=\"http:\/\/alvh.asso.fr\/wordpress\/wp-content\/uploads\/2024\/07\/Eveil-sportif-4-scaled.jpg\"><img loading=\"lazy\" decoding=\"async\" width=\"1024\" height=\"768\" data-id=\"3667\" src=\"http:\/\/alvh.asso.fr\/wordpress\/wp-content\/uploads\/2024\/07\/Eveil-sportif-4-1024x768.jpg\" alt=\"\" class=\"wp-image-3667\" srcset=\"http:\/\/alvh.asso.fr\/wordpress\/wp-content\/uploads\/2024\/07\/Eveil-sportif-4-1024x768.jpg 1024w, http:\/\/alvh.asso.fr\/wordpress\/wp-content\/uploads\/2024\/07\/Eveil-sportif-4-300x225.jpg 300w, http:\/\/alvh.asso.fr\/wordpress\/wp-content\/uploads\/2024\/07\/Eveil-sportif-4-768x576.jpg 768w, http:\/\/alvh.asso.fr\/wordpress\/wp-content\/uploads\/2024\/07\/Eveil-sportif-4-1536x1152.jpg 1536w, http:\/\/alvh.asso.fr\/wordpress\/wp-content\/uploads\/2024\/07\/Eveil-sportif-4-2048x1536.jpg 2048w, http:\/\/alvh.asso.fr\/wordpress\/wp-content\/uploads\/2024\/07\/Eveil-sportif-4-150x113.jpg 150w\" sizes=\"auto, (max-width: 1024px) 100vw, 1024px\" \/><\/a><\/figure>\n\n\n\n<figure class=\"wp-block-image size-large\"><a href=\"http:\/\/alvh.asso.fr\/wordpress\/wp-content\/uploads\/2024\/07\/Eveil-sportif-3-scaled.jpg\"><img loading=\"lazy\" decoding=\"async\" width=\"1024\" height=\"768\" data-id=\"3666\" src=\"http:\/\/alvh.asso.fr\/wordpress\/wp-content\/uploads\/2024\/07\/Eveil-sportif-3-1024x768.jpg\" alt=\"\" class=\"wp-image-3666\" srcset=\"http:\/\/alvh.asso.fr\/wordpress\/wp-content\/uploads\/2024\/07\/Eveil-sportif-3-1024x768.jpg 1024w, http:\/\/alvh.asso.fr\/wordpress\/wp-content\/uploads\/2024\/07\/Eveil-sportif-3-300x225.jpg 300w, http:\/\/alvh.asso.fr\/wordpress\/wp-content\/uploads\/2024\/07\/Eveil-sportif-3-768x576.jpg 768w, http:\/\/alvh.asso.fr\/wordpress\/wp-content\/uploads\/2024\/07\/Eveil-sportif-3-1536x1152.jpg 1536w, http:\/\/alvh.asso.fr\/wordpress\/wp-content\/uploads\/2024\/07\/Eveil-sportif-3-2048x1536.jpg 2048w, http:\/\/alvh.asso.fr\/wordpress\/wp-content\/uploads\/2024\/07\/Eveil-sportif-3-150x113.jpg 150w\" sizes=\"auto, (max-width: 1024px) 100vw, 1024px\" \/><\/a><\/figure>\n\n\n\n<figure class=\"wp-block-image size-large\"><a href=\"http:\/\/alvh.asso.fr\/wordpress\/wp-content\/uploads\/2024\/07\/Eveil-sportif-2-scaled.jpg\"><img loading=\"lazy\" decoding=\"async\" width=\"1024\" height=\"768\" data-id=\"3665\" src=\"http:\/\/alvh.asso.fr\/wordpress\/wp-content\/uploads\/2024\/07\/Eveil-sportif-2-1024x768.jpg\" alt=\"\" class=\"wp-image-3665\" srcset=\"http:\/\/alvh.asso.fr\/wordpress\/wp-content\/uploads\/2024\/07\/Eveil-sportif-2-1024x768.jpg 1024w, http:\/\/alvh.asso.fr\/wordpress\/wp-content\/uploads\/2024\/07\/Eveil-sportif-2-300x225.jpg 300w, http:\/\/alvh.asso.fr\/wordpress\/wp-content\/uploads\/2024\/07\/Eveil-sportif-2-768x576.jpg 768w, http:\/\/alvh.asso.fr\/wordpress\/wp-content\/uploads\/2024\/07\/Eveil-sportif-2-1536x1152.jpg 1536w, http:\/\/alvh.asso.fr\/wordpress\/wp-content\/uploads\/2024\/07\/Eveil-sportif-2-2048x1536.jpg 2048w, http:\/\/alvh.asso.fr\/wordpress\/wp-content\/uploads\/2024\/07\/Eveil-sportif-2-150x113.jpg 150w\" sizes=\"auto, (max-width: 1024px) 100vw, 1024px\" \/><\/a><\/figure>\n\n\n\n<figure class=\"wp-block-image size-large\"><a href=\"http:\/\/alvh.asso.fr\/wordpress\/wp-content\/uploads\/2024\/07\/Eveil-sportif-1-scaled.jpg\"><img loading=\"lazy\" decoding=\"async\" width=\"1024\" height=\"768\" data-id=\"3664\" src=\"http:\/\/alvh.asso.fr\/wordpress\/wp-content\/uploads\/2024\/07\/Eveil-sportif-1-1024x768.jpg\" alt=\"\" class=\"wp-image-3664\" srcset=\"http:\/\/alvh.asso.fr\/wordpress\/wp-content\/uploads\/2024\/07\/Eveil-sportif-1-1024x768.jpg 1024w, http:\/\/alvh.asso.fr\/wordpress\/wp-content\/uploads\/2024\/07\/Eveil-sportif-1-300x225.jpg 300w, http:\/\/alvh.asso.fr\/wordpress\/wp-content\/uploads\/2024\/07\/Eveil-sportif-1-768x576.jpg 768w, http:\/\/alvh.asso.fr\/wordpress\/wp-content\/uploads\/2024\/07\/Eveil-sportif-1-1536x1152.jpg 1536w, http:\/\/alvh.asso.fr\/wordpress\/wp-content\/uploads\/2024\/07\/Eveil-sportif-1-2048x1536.jpg 2048w, http:\/\/alvh.asso.fr\/wordpress\/wp-content\/uploads\/2024\/07\/Eveil-sportif-1-150x113.jpg 150w\" sizes=\"auto, (max-width: 1024px) 100vw, 1024px\" \/><\/a><\/figure>\n\n\n\n<figure class=\"wp-block-image size-large\"><a href=\"http:\/\/alvh.asso.fr\/wordpress\/wp-content\/uploads\/2024\/07\/Eveil-sportif-10-scaled.jpg\"><img loading=\"lazy\" decoding=\"async\" width=\"1024\" height=\"768\" data-id=\"3663\" src=\"http:\/\/alvh.asso.fr\/wordpress\/wp-content\/uploads\/2024\/07\/Eveil-sportif-10-1024x768.jpg\" alt=\"\" class=\"wp-image-3663\" srcset=\"http:\/\/alvh.asso.fr\/wordpress\/wp-content\/uploads\/2024\/07\/Eveil-sportif-10-1024x768.jpg 1024w, http:\/\/alvh.asso.fr\/wordpress\/wp-content\/uploads\/2024\/07\/Eveil-sportif-10-300x225.jpg 300w, http:\/\/alvh.asso.fr\/wordpress\/wp-content\/uploads\/2024\/07\/Eveil-sportif-10-768x576.jpg 768w, http:\/\/alvh.asso.fr\/wordpress\/wp-content\/uploads\/2024\/07\/Eveil-sportif-10-1536x1152.jpg 1536w, http:\/\/alvh.asso.fr\/wordpress\/wp-content\/uploads\/2024\/07\/Eveil-sportif-10-2048x1536.jpg 2048w, http:\/\/alvh.asso.fr\/wordpress\/wp-content\/uploads\/2024\/07\/Eveil-sportif-10-150x113.jpg 150w\" sizes=\"auto, (max-width: 1024px) 100vw, 1024px\" \/><\/a><\/figure>\n<\/figure>\n\n\n\n<p class=\"has-text-align-center\">Un apr\u00e8s midi parents enfants pour le plus grand bonheur de nos petits <\/p>\n\n\n\n<p><\/p>\n","protected":false},"excerpt":{"rendered":"<p>La discipline Les enfants courent, grimpent, sautent, tirent, poussent, lancent, soul\u00e8vent, attrapent et d\u00e9placent des objets et acqui\u00e8rent ainsi dans l\u2019amusement des habilit\u00e9s motrices et physiques : endurance, r\u00e9sistance, flexibilit\u00e9, souplesse, puissance, vitesse, agilit\u00e9, psychomotricit\u00e9, \u00e9quilibre et pr\u00e9cision. Les exercices sont adapt\u00e9s \u00e0 l\u2019\u00e2ge et aux capacit\u00e9s de chacun. L\u2019utilisation\u2026<\/p>\n<p class=\"continue-reading-button\"> <a class=\"continue-reading-link\" href=\"http:\/\/alvh.asso.fr\/wordpress\/babys-moov\/\">Lire l&rsquo;article<i class=\"crycon-right-dir\"><\/i><\/a><\/p>\n","protected":false},"author":5,"featured_media":0,"parent":0,"menu_order":0,"comment_status":"closed","ping_status":"closed","template":"","meta":{"footnotes":""},"class_list":["post-1371","page","type-page","status-publish","hentry"],"_links":{"self":[{"href":"http:\/\/alvh.asso.fr\/wordpress\/wp-json\/wp\/v2\/pages\/1371","targetHints":{"allow":["GET"]}}],"collection":[{"href":"http:\/\/alvh.asso.fr\/wordpress\/wp-json\/wp\/v2\/pages"}],"about":[{"href":"http:\/\/alvh.asso.fr\/wordpress\/wp-json\/wp\/v2\/types\/page"}],"author":[{"embeddable":true,"href":"http:\/\/alvh.asso.fr\/wordpress\/wp-json\/wp\/v2\/users\/5"}],"replies":[{"embeddable":true,"href":"http:\/\/alvh.asso.fr\/wordpress\/wp-json\/wp\/v2\/comments?post=1371"}],"version-history":[{"count":15,"href":"http:\/\/alvh.asso.fr\/wordpress\/wp-json\/wp\/v2\/pages\/1371\/revisions"}],"predecessor-version":[{"id":4195,"href":"http:\/\/alvh.asso.fr\/wordpress\/wp-json\/wp\/v2\/pages\/1371\/revisions\/4195"}],"wp:attachment":[{"href":"http:\/\/alvh.asso.fr\/wordpress\/wp-json\/wp\/v2\/media?parent=1371"}],"curies":[{"name":"wp","href":"https:\/\/api.w.org\/{rel}","templated":true}]}}