{"id":1474,"date":"2022-08-27T14:45:53","date_gmt":"2022-08-27T12:45:53","guid":{"rendered":"http:\/\/localhost\/wordpress\/?page_id=1474"},"modified":"2025-10-22T15:33:29","modified_gmt":"2025-10-22T13:33:29","slug":"pilates-2","status":"publish","type":"page","link":"http:\/\/alvh.asso.fr\/wordpress\/pilates-2\/","title":{"rendered":"Pilates"},"content":{"rendered":"\n<p>La m\u00e9thode Pilates est un syst\u00e8me d\u2019exercices physiques ayant pour objectif le d\u00e9veloppement des muscles profonds, l\u2019am\u00e9lioration de la posture, l\u2019\u00e9quilibrage musculaire et l\u2019assouplissement articulaire ; pour un entretien, une am\u00e9lioration ou une restauration des fonctions physiques.<\/p>\n\n\n\n<p>Les bienfaits<\/p>\n\n\n\n<ul class=\"wp-block-list\">\n<li>Restauration d&rsquo;un  \u00e9quilibre entre force et mobilit\u00e9<\/li>\n\n\n\n<li>Travail des muscles transverses et du plancher pelvien<\/li>\n\n\n\n<li>Renforcement  des muscles profonds<\/li>\n\n\n\n<li>Gestion du stress<\/li>\n<\/ul>\n\n\n\n<figure class=\"wp-block-gallery has-nested-images columns-default is-cropped wp-block-gallery-1 is-layout-flex wp-block-gallery-is-layout-flex\">\n<figure class=\"wp-block-image size-medium\"><img loading=\"lazy\" decoding=\"async\" width=\"225\" height=\"300\" data-id=\"4296\" src=\"http:\/\/alvh.asso.fr\/wordpress\/wp-content\/uploads\/2025\/10\/Photo-de-profil-1-225x300.jpeg\" alt=\"\" class=\"wp-image-4296\" srcset=\"http:\/\/alvh.asso.fr\/wordpress\/wp-content\/uploads\/2025\/10\/Photo-de-profil-1-225x300.jpeg 225w, http:\/\/alvh.asso.fr\/wordpress\/wp-content\/uploads\/2025\/10\/Photo-de-profil-1-768x1024.jpeg 768w, http:\/\/alvh.asso.fr\/wordpress\/wp-content\/uploads\/2025\/10\/Photo-de-profil-1-1152x1536.jpeg 1152w, http:\/\/alvh.asso.fr\/wordpress\/wp-content\/uploads\/2025\/10\/Photo-de-profil-1-1536x2048.jpeg 1536w, http:\/\/alvh.asso.fr\/wordpress\/wp-content\/uploads\/2025\/10\/Photo-de-profil-1-113x150.jpeg 113w, http:\/\/alvh.asso.fr\/wordpress\/wp-content\/uploads\/2025\/10\/Photo-de-profil-1-scaled.jpeg 1920w\" sizes=\"auto, (max-width: 225px) 100vw, 225px\" \/><figcaption class=\"wp-element-caption\">MORTIMER <\/figcaption><\/figure>\n\n\n\n<figure class=\"wp-block-image size-large\"><a href=\"http:\/\/alvh.asso.fr\/wordpress\/wp-content\/uploads\/2025\/08\/IMG_0664-rotated.jpg\"><img loading=\"lazy\" decoding=\"async\" width=\"240\" height=\"320\" data-id=\"4143\" src=\"http:\/\/alvh.asso.fr\/wordpress\/wp-content\/uploads\/2025\/08\/IMG_0664-rotated.jpg\" alt=\"\" class=\"wp-image-4143\" srcset=\"http:\/\/alvh.asso.fr\/wordpress\/wp-content\/uploads\/2025\/08\/IMG_0664-rotated.jpg 240w, http:\/\/alvh.asso.fr\/wordpress\/wp-content\/uploads\/2025\/08\/IMG_0664-225x300.jpg 225w, http:\/\/alvh.asso.fr\/wordpress\/wp-content\/uploads\/2025\/08\/IMG_0664-113x150.jpg 113w\" sizes=\"auto, (max-width: 240px) 100vw, 240px\" \/><\/a><figcaption class=\"wp-element-caption\">NICOLAS<\/figcaption><\/figure>\n<\/figure>\n\n\n\n<p>Si vous souhaitez vous inscrire pour l&rsquo;activit\u00e9 cross training \u00e0 l&rsquo;A.L.V.H vous pouvez la t\u00e9l\u00e9charger la fiche d&rsquo;inscription ci-dessous  et la remplir chez vous. <\/p>\n\n\n\n<div class=\"wp-block-file\"><a id=\"wp-block-file--media-326bbab5-b689-465b-9b0d-f08025ba1256\" href=\"http:\/\/alvh.asso.fr\/wordpress\/wp-content\/uploads\/2025\/08\/1-Fiche_inscription_2025-2026_bien-etre-et-fitness-3.docx\">1-Fiche_inscription_2025-2026_bien  etre et fitness<\/a><a href=\"http:\/\/alvh.asso.fr\/wordpress\/wp-content\/uploads\/2025\/08\/1-Fiche_inscription_2025-2026_bien-etre-et-fitness-3.docx\" class=\"wp-block-file__button wp-element-button\" download aria-describedby=\"wp-block-file--media-326bbab5-b689-465b-9b0d-f08025ba1256\">T\u00e9l\u00e9charger<\/a><\/div>\n\n\n\n<figure class=\"wp-block-table\"><table class=\"has-fixed-layout\"><tbody><tr><td class=\"has-text-align-center\" data-align=\"center\"><strong>lieu<\/strong><\/td><td class=\"has-text-align-center\" data-align=\"center\"><strong>Age<\/strong><\/td><td class=\"has-text-align-center\" data-align=\"center\"><strong>Jour<\/strong><\/td><td class=\"has-text-align-center\" data-align=\"center\"><strong>Heure<\/strong><\/td><td class=\"has-text-align-center\" data-align=\"center\"><strong>Contact<\/strong><\/td><\/tr><tr><td class=\"has-text-align-center\" data-align=\"center\">Gymnase <br>Victor Hugo<\/td><td class=\"has-text-align-center\" data-align=\"center\">16 ans +<\/td><td class=\"has-text-align-center\" data-align=\"center\">jeudi<br><\/td><td class=\"has-text-align-center\" data-align=\"center\">19h30-20h30<\/td><td class=\"has-text-align-center\" data-align=\"center\">0611070711<\/td><\/tr><tr><td class=\"has-text-align-center\" data-align=\"center\">Gymnase <br>Pasteur<\/td><td class=\"has-text-align-center\" data-align=\"center\">16 ans +<\/td><td class=\"has-text-align-center\" data-align=\"center\">vendredi <\/td><td class=\"has-text-align-center\" data-align=\"center\">10h35-11h35<\/td><td class=\"has-text-align-center\" data-align=\"center\">0611070711<\/td><\/tr><tr><td class=\"has-text-align-center\" data-align=\"center\">Gymnase<br>Victor Hugo<\/td><td class=\"has-text-align-center\" data-align=\"center\">16 ans +<\/td><td class=\"has-text-align-center\" data-align=\"center\">samedi<\/td><td class=\"has-text-align-center\" data-align=\"center\">11h00-12h00<\/td><td class=\"has-text-align-center\" data-align=\"center\">0611070711<\/td><\/tr><\/tbody><\/table><figcaption class=\"wp-element-caption\">Saison sportive 2025-2026<\/figcaption><\/figure>\n\n\n\n<p class=\"has-text-align-center has-vivid-red-color has-text-color has-link-color wp-elements-9494b6732e5dc00fc4bce4f856d9d325\"><strong>Le vendredi les cours de Pilates ont lieux au gymnase Pasteur toute l&rsquo;ann\u00e9e ( rue du 8 mai \u00e0 Laxou)<\/strong><\/p>\n\n\n\n<figure class=\"wp-block-table\"><table><tbody><tr><td class=\"has-text-align-center\" data-align=\"center\"><strong>Cours<\/strong><\/td><td class=\"has-text-align-center\" data-align=\"center\"><strong>Adh\u00e9sion<\/strong><\/td><td class=\"has-text-align-center\" data-align=\"center\"><strong>Tarif pratique<\/strong><\/td><td><strong>Total  <\/strong><\/td><\/tr><tr><td class=\"has-text-align-center\" data-align=\"center\">1 activit\u00e9<\/td><td class=\"has-text-align-center\" data-align=\"center\">Laxou 15\u20ac<\/td><td class=\"has-text-align-center\" data-align=\"center\">210\u20ac<\/td><td>225\u20ac<\/td><\/tr><tr><td class=\"has-text-align-center\" data-align=\"center\">1 activit\u00e9<\/td><td class=\"has-text-align-center\" data-align=\"center\">Autres villes 20\u20ac<\/td><td class=\"has-text-align-center\" data-align=\"center\">210 \u20ac<\/td><td>230\u20ac<\/td><\/tr><tr><td class=\"has-text-align-center\" data-align=\"center\">2 activit\u00e9s<\/td><td class=\"has-text-align-center\" data-align=\"center\">Laxou 15\u20ac<\/td><td class=\"has-text-align-center\" data-align=\"center\">350\u20ac<\/td><td>365\u20ac<\/td><\/tr><tr><td class=\"has-text-align-center\" data-align=\"center\">2 activit\u00e9s<\/td><td class=\"has-text-align-center\" data-align=\"center\">Autres villes 20\u20ac<\/td><td class=\"has-text-align-center\" data-align=\"center\">350\u20ac<\/td><td>370\u20ac<\/td><\/tr><tr><td class=\"has-text-align-center\" data-align=\"center\">3 activit\u00e9s<\/td><td class=\"has-text-align-center\" data-align=\"center\">Laxou 15\u20ac<\/td><td class=\"has-text-align-center\" data-align=\"center\">415\u20ac<\/td><td>430\u20ac<\/td><\/tr><tr><td class=\"has-text-align-center\" data-align=\"center\">3 activit\u00e9s<\/td><td class=\"has-text-align-center\" data-align=\"center\">Autres villes 20\u20ac<\/td><td class=\"has-text-align-center\" data-align=\"center\">415\u20ac<\/td><td>435\u20ac<\/td><\/tr><\/tbody><\/table><figcaption class=\"wp-element-caption\">Tarifs bien \u00eatre et fitness 2025-2026<\/figcaption><\/figure>\n\n\n\n<p><\/p>\n","protected":false},"excerpt":{"rendered":"<p>La m\u00e9thode Pilates est un syst\u00e8me d\u2019exercices physiques ayant pour objectif le d\u00e9veloppement des muscles profonds, l\u2019am\u00e9lioration de la posture, l\u2019\u00e9quilibrage musculaire et l\u2019assouplissement articulaire ; pour un entretien, une am\u00e9lioration ou une restauration des fonctions physiques. Les bienfaits Si vous souhaitez vous inscrire pour l&rsquo;activit\u00e9 cross training \u00e0 l&rsquo;A.L.V.H\u2026<\/p>\n<p class=\"continue-reading-button\"> <a class=\"continue-reading-link\" href=\"http:\/\/alvh.asso.fr\/wordpress\/pilates-2\/\">Lire l&rsquo;article<i class=\"crycon-right-dir\"><\/i><\/a><\/p>\n","protected":false},"author":5,"featured_media":0,"parent":0,"menu_order":0,"comment_status":"closed","ping_status":"closed","template":"","meta":{"footnotes":""},"class_list":["post-1474","page","type-page","status-publish","hentry"],"_links":{"self":[{"href":"http:\/\/alvh.asso.fr\/wordpress\/wp-json\/wp\/v2\/pages\/1474","targetHints":{"allow":["GET"]}}],"collection":[{"href":"http:\/\/alvh.asso.fr\/wordpress\/wp-json\/wp\/v2\/pages"}],"about":[{"href":"http:\/\/alvh.asso.fr\/wordpress\/wp-json\/wp\/v2\/types\/page"}],"author":[{"embeddable":true,"href":"http:\/\/alvh.asso.fr\/wordpress\/wp-json\/wp\/v2\/users\/5"}],"replies":[{"embeddable":true,"href":"http:\/\/alvh.asso.fr\/wordpress\/wp-json\/wp\/v2\/comments?post=1474"}],"version-history":[{"count":22,"href":"http:\/\/alvh.asso.fr\/wordpress\/wp-json\/wp\/v2\/pages\/1474\/revisions"}],"predecessor-version":[{"id":4297,"href":"http:\/\/alvh.asso.fr\/wordpress\/wp-json\/wp\/v2\/pages\/1474\/revisions\/4297"}],"wp:attachment":[{"href":"http:\/\/alvh.asso.fr\/wordpress\/wp-json\/wp\/v2\/media?parent=1474"}],"curies":[{"name":"wp","href":"https:\/\/api.w.org\/{rel}","templated":true}]}}