{"id":1480,"date":"2022-08-25T14:50:17","date_gmt":"2022-08-25T12:50:17","guid":{"rendered":"http:\/\/localhost\/wordpress\/?page_id=1480"},"modified":"2025-10-15T16:41:36","modified_gmt":"2025-10-15T14:41:36","slug":"__trashed","status":"publish","type":"page","link":"http:\/\/alvh.asso.fr\/wordpress\/__trashed\/","title":{"rendered":"Yogalates"},"content":{"rendered":"\n<p>Le yogalates ou yogapilates a \u00e9t\u00e9 cr\u00e9\u00e9 au d\u00e9but des ann\u00e9es 2000 en Australie par Louise Solomon .C&rsquo;est une gymnastique douce \u00e0 mi-chemin entre le yoga et le Pilates .Le cours est compos\u00e9 d&rsquo; exercices de renforcement musculaire , de phases de d\u00e9tente et de relaxation, de postures de yoga et de mouvements de Pilates .La discipline est en constante \u00e9volution .Les enseignants r\u00e9apprennent \u00e0 respirer aux pratiquants pour mieux accompagner les&nbsp;<strong>exercices<\/strong> .Le yogalates permet de gagner en force, en souplesse, en stabilit\u00e9, la pratique aide \u00e0 maintenir la masse musculaire. Les muscles profonds sont renforc\u00e9s, certaines douleurs (lombaires notamment) sont att\u00e9nu\u00e9es. Malgr\u00e9 un rythme doux, l&rsquo;engagement musculaire est bien r\u00e9el. Le yogalates avec ses postures douces de yoga favorise le l\u00e2cher prise et calme le mental, diminue le niveau de stress.<\/p>\n\n\n<div class=\"wp-block-image\">\n<figure class=\"aligncenter size-full is-resized\"><a href=\"http:\/\/alvh.asso.fr\/wordpress\/wp-content\/uploads\/2024\/04\/IMG_3199.jpg\"><img loading=\"lazy\" decoding=\"async\" width=\"2491\" height=\"2275\" src=\"http:\/\/alvh.asso.fr\/wordpress\/wp-content\/uploads\/2024\/04\/IMG_3199.jpg\" alt=\"\" class=\"wp-image-3503\" style=\"width:377px;height:auto\" srcset=\"http:\/\/alvh.asso.fr\/wordpress\/wp-content\/uploads\/2024\/04\/IMG_3199.jpg 2491w, http:\/\/alvh.asso.fr\/wordpress\/wp-content\/uploads\/2024\/04\/IMG_3199-300x274.jpg 300w, http:\/\/alvh.asso.fr\/wordpress\/wp-content\/uploads\/2024\/04\/IMG_3199-1024x935.jpg 1024w, http:\/\/alvh.asso.fr\/wordpress\/wp-content\/uploads\/2024\/04\/IMG_3199-768x701.jpg 768w, http:\/\/alvh.asso.fr\/wordpress\/wp-content\/uploads\/2024\/04\/IMG_3199-1536x1403.jpg 1536w, http:\/\/alvh.asso.fr\/wordpress\/wp-content\/uploads\/2024\/04\/IMG_3199-2048x1870.jpg 2048w, http:\/\/alvh.asso.fr\/wordpress\/wp-content\/uploads\/2024\/04\/IMG_3199-150x137.jpg 150w\" sizes=\"auto, (max-width: 2491px) 100vw, 2491px\" \/><\/a><figcaption class=\"wp-element-caption\"><strong>V\u00e9ronique <\/strong><\/figcaption><\/figure>\n<\/div>\n\n\n<p>Si vous souhaitez vous inscrire pour l&rsquo;activit\u00e9 cross training \u00e0 l&rsquo;A.L.V.H vous pouvez la t\u00e9l\u00e9charger la fiche d&rsquo;inscription ci-dessous  et la remplir chez vous. <\/p>\n\n\n\n<div class=\"wp-block-file\"><a id=\"wp-block-file--media-2118a9b7-165f-4301-8ec8-eb8ad8491fcd\" href=\"http:\/\/alvh.asso.fr\/wordpress\/wp-content\/uploads\/2025\/08\/1-Fiche_inscription_2025-2026_bien-etre-et-fitness-6.docx\">1-Fiche_inscription_2025-2026_bien  etre et fitness<\/a><a href=\"http:\/\/alvh.asso.fr\/wordpress\/wp-content\/uploads\/2025\/08\/1-Fiche_inscription_2025-2026_bien-etre-et-fitness-6.docx\" class=\"wp-block-file__button wp-element-button\" download aria-describedby=\"wp-block-file--media-2118a9b7-165f-4301-8ec8-eb8ad8491fcd\">T\u00e9l\u00e9charger<\/a><\/div>\n\n\n\n<figure class=\"wp-block-table\"><table><tbody><tr><td class=\"has-text-align-center\" data-align=\"center\"><strong>Lieu<\/strong><\/td><td class=\"has-text-align-center\" data-align=\"center\"><strong>Age<\/strong><\/td><td class=\"has-text-align-center\" data-align=\"center\"><strong>JOUR<\/strong><\/td><td class=\"has-text-align-center\" data-align=\"center\"><strong>HEURE<\/strong><\/td><td class=\"has-text-align-center\" data-align=\"center\">contact<\/td><\/tr><tr><td class=\"has-text-align-center\" data-align=\"center\">Gymnase <br>Victor Hugo<\/td><td class=\"has-text-align-center\" data-align=\"center\">16ans +<\/td><td class=\"has-text-align-center\" data-align=\"center\">Mardi <\/td><td class=\"has-text-align-center\" data-align=\"center\">18h30-19h30<\/td><td class=\"has-text-align-center\" data-align=\"center\">0611070711<\/td><\/tr><\/tbody><\/table><figcaption class=\"wp-element-caption\">saison sportive 2025-2026<\/figcaption><\/figure>\n\n\n\n<figure class=\"wp-block-table\"><table><tbody><tr><td class=\"has-text-align-center\" data-align=\"center\"><strong>Cours<\/strong><\/td><td class=\"has-text-align-center\" data-align=\"center\"><strong>Adh\u00e9sion<\/strong><\/td><td class=\"has-text-align-center\" data-align=\"center\"><strong>Tarif pratique<\/strong><\/td><td><strong>Total  <\/strong><\/td><\/tr><tr><td class=\"has-text-align-center\" data-align=\"center\">1 cours<\/td><td class=\"has-text-align-center\" data-align=\"center\">Laxou 15\u20ac<\/td><td class=\"has-text-align-center\" data-align=\"center\">210\u20ac<\/td><td>225\u20ac<\/td><\/tr><tr><td class=\"has-text-align-center\" data-align=\"center\">1 cours<\/td><td class=\"has-text-align-center\" data-align=\"center\">Autres villes 20\u20ac<\/td><td class=\"has-text-align-center\" data-align=\"center\">210 \u20ac<\/td><td>230\u20ac<\/td><\/tr><tr><td class=\"has-text-align-center\" data-align=\"center\">2 cours<\/td><td class=\"has-text-align-center\" data-align=\"center\">Laxou 15\u20ac<\/td><td class=\"has-text-align-center\" data-align=\"center\">350\u20ac<\/td><td>365\u20ac<\/td><\/tr><tr><td class=\"has-text-align-center\" data-align=\"center\">2 cours<\/td><td class=\"has-text-align-center\" data-align=\"center\">Autres villes 20\u20ac<\/td><td class=\"has-text-align-center\" data-align=\"center\">350\u20ac<\/td><td>370\u20ac<\/td><\/tr><tr><td class=\"has-text-align-center\" data-align=\"center\">3 cours<\/td><td class=\"has-text-align-center\" data-align=\"center\">Laxou 15\u20ac<\/td><td class=\"has-text-align-center\" data-align=\"center\">415\u20ac<\/td><td>430\u20ac<\/td><\/tr><tr><td class=\"has-text-align-center\" data-align=\"center\">3 cours<\/td><td class=\"has-text-align-center\" data-align=\"center\">Autres villes20\u20ac<\/td><td class=\"has-text-align-center\" data-align=\"center\">415\u20ac<\/td><td>435\u20ac<\/td><\/tr><\/tbody><\/table><figcaption class=\"wp-element-caption\">Tarifs bien \u00eatre fitness 2025-2026<\/figcaption><\/figure>\n\n\n\n<p class=\"has-text-align-center\">Quelques vid\u00e9os pour illustrer le cours de Yogalates avec v\u00e9ro dans la joie et la bonne humeur  <\/p>\n\n\n\n<figure class=\"wp-block-video\"><video height=\"1080\" style=\"aspect-ratio: 1920 \/ 1080;\" width=\"1920\" controls src=\"http:\/\/alvh.asso.fr\/wordpress\/wp-content\/uploads\/2025\/10\/yogalates-1.mov\"><\/video><\/figure>\n\n\n\n<figure class=\"wp-block-video\"><video height=\"1080\" style=\"aspect-ratio: 1920 \/ 1080;\" width=\"1920\" controls src=\"http:\/\/alvh.asso.fr\/wordpress\/wp-content\/uploads\/2025\/10\/yogalates-2.mov\"><\/video><\/figure>\n\n\n\n<figure class=\"wp-block-video\"><video height=\"1080\" style=\"aspect-ratio: 1920 \/ 1080;\" width=\"1920\" controls src=\"http:\/\/alvh.asso.fr\/wordpress\/wp-content\/uploads\/2025\/10\/yogalates-3.mov\"><\/video><\/figure>\n","protected":false},"excerpt":{"rendered":"<p>Le yogalates ou yogapilates a \u00e9t\u00e9 cr\u00e9\u00e9 au d\u00e9but des ann\u00e9es 2000 en Australie par Louise Solomon .C&rsquo;est une gymnastique douce \u00e0 mi-chemin entre le yoga et le Pilates .Le cours est compos\u00e9 d&rsquo; exercices de renforcement musculaire , de phases de d\u00e9tente et de relaxation, de postures de yoga\u2026<\/p>\n<p class=\"continue-reading-button\"> <a class=\"continue-reading-link\" href=\"http:\/\/alvh.asso.fr\/wordpress\/__trashed\/\">Lire l&rsquo;article<i class=\"crycon-right-dir\"><\/i><\/a><\/p>\n","protected":false},"author":5,"featured_media":0,"parent":0,"menu_order":0,"comment_status":"closed","ping_status":"closed","template":"","meta":{"footnotes":""},"class_list":["post-1480","page","type-page","status-publish","hentry"],"_links":{"self":[{"href":"http:\/\/alvh.asso.fr\/wordpress\/wp-json\/wp\/v2\/pages\/1480","targetHints":{"allow":["GET"]}}],"collection":[{"href":"http:\/\/alvh.asso.fr\/wordpress\/wp-json\/wp\/v2\/pages"}],"about":[{"href":"http:\/\/alvh.asso.fr\/wordpress\/wp-json\/wp\/v2\/types\/page"}],"author":[{"embeddable":true,"href":"http:\/\/alvh.asso.fr\/wordpress\/wp-json\/wp\/v2\/users\/5"}],"replies":[{"embeddable":true,"href":"http:\/\/alvh.asso.fr\/wordpress\/wp-json\/wp\/v2\/comments?post=1480"}],"version-history":[{"count":13,"href":"http:\/\/alvh.asso.fr\/wordpress\/wp-json\/wp\/v2\/pages\/1480\/revisions"}],"predecessor-version":[{"id":4272,"href":"http:\/\/alvh.asso.fr\/wordpress\/wp-json\/wp\/v2\/pages\/1480\/revisions\/4272"}],"wp:attachment":[{"href":"http:\/\/alvh.asso.fr\/wordpress\/wp-json\/wp\/v2\/media?parent=1480"}],"curies":[{"name":"wp","href":"https:\/\/api.w.org\/{rel}","templated":true}]}}