{"id":1534,"date":"2022-08-26T18:05:12","date_gmt":"2022-08-26T16:05:12","guid":{"rendered":"http:\/\/localhost\/wordpress\/?page_id=1534"},"modified":"2025-10-22T15:32:34","modified_gmt":"2025-10-22T13:32:34","slug":"body-mix","status":"publish","type":"page","link":"http:\/\/alvh.asso.fr\/wordpress\/body-mix\/","title":{"rendered":"Cross Training"},"content":{"rendered":"\n<p>Le cross training, est une discipline qui permet de travailler plusieurs muscles en m\u00eame temps. Chaque  s\u00e9ance  va  d\u00e9velopper  en parall\u00e8le, la force, l&rsquo;endurance cardio-musculaire et respiratoire, l&rsquo;agilit\u00e9, et l&rsquo;\u00e9quilibre. L&rsquo;objectif est la remise en forme ainsi que la pr\u00e9paration physique g\u00e9n\u00e9rale. Le but est de surprendre \u00e0 chaque s\u00e9ance le corps avec des exercices et des m\u00e9thodes diff\u00e9rentes en cherchant \u00e0 am\u00e9liorer les mouvements de la vie quotidienne. Chacun peut y trouver son compte en y mettant une intensit\u00e9 plus ou moins forte . <\/p>\n\n\n\n<p>Si vous souhaitez vous inscrire pour l&rsquo;activit\u00e9 cross training \u00e0 l&rsquo;A.L.V.H vous pouvez la t\u00e9l\u00e9charger la fiche d&rsquo;inscription ci-dessous  et la remplir chez vous. <\/p>\n\n\n\n<div class=\"wp-block-file\"><a id=\"wp-block-file--media-3a436e3c-7b10-406f-bf56-f74fe3d5cb52\" href=\"http:\/\/alvh.asso.fr\/wordpress\/wp-content\/uploads\/2025\/08\/1-Fiche_inscription_2025-2026_bien-etre-et-fitness-2.docx\">1-Fiche_inscription_2025-2026_bien  etre et fitness<\/a><a href=\"http:\/\/alvh.asso.fr\/wordpress\/wp-content\/uploads\/2025\/08\/1-Fiche_inscription_2025-2026_bien-etre-et-fitness-2.docx\" class=\"wp-block-file__button wp-element-button\" download aria-describedby=\"wp-block-file--media-3a436e3c-7b10-406f-bf56-f74fe3d5cb52\">T\u00e9l\u00e9charger<\/a><\/div>\n\n\n\n<p class=\"has-medium-font-size\" style=\"letter-spacing:px\"><\/p>\n\n\n<div class=\"wp-block-image\">\n<figure class=\"aligncenter size-medium\"><a href=\"http:\/\/alvh.asso.fr\/wordpress\/wp-content\/uploads\/2022\/09\/image01-scaled.jpeg\"><img decoding=\"async\" src=\"http:\/\/alvh.asso.fr\/wordpress\/wp-content\/uploads\/2022\/09\/image01-225x300.jpeg\" alt=\"\" class=\"wp-image-2596\"\/><\/a><figcaption class=\"wp-element-caption\">Mortimer <\/figcaption><\/figure>\n<\/div>\n\n\n<figure class=\"wp-block-table has-medium-font-size\"><table class=\"has-fixed-layout\"><tbody><tr><td class=\"has-text-align-center\" data-align=\"center\"><strong>Lieu<\/strong><\/td><td class=\"has-text-align-center\" data-align=\"center\"><strong>Age<\/strong><\/td><td class=\"has-text-align-center\" data-align=\"center\"><strong>Jour<\/strong><\/td><td class=\"has-text-align-center\" data-align=\"center\"><strong>Heure <\/strong><\/td><td class=\"has-text-align-center\" data-align=\"center\">Contact<\/td><\/tr><tr><td class=\"has-text-align-center\" data-align=\"center\">Gymnase<strong><br><\/strong>Victor Hugo <br><\/td><td class=\"has-text-align-center\" data-align=\"center\">16 ans +<\/td><td class=\"has-text-align-center\" data-align=\"center\">jeudi<\/td><td class=\"has-text-align-center\" data-align=\"center\">18h30-19h30<\/td><td class=\"has-text-align-center\" data-align=\"center\">0611070711<\/td><\/tr><\/tbody><\/table><figcaption class=\"wp-element-caption\">Saison 2025-2026<\/figcaption><\/figure>\n\n\n\n<figure class=\"wp-block-table has-medium-font-size\"><table class=\"has-fixed-layout\"><tbody><tr><td class=\"has-text-align-center\" data-align=\"center\"><strong>Cours<\/strong><\/td><td class=\"has-text-align-center\" data-align=\"center\"><strong>Adh\u00e9sion<\/strong><\/td><td class=\"has-text-align-center\" data-align=\"center\"><strong>Cotisation<\/strong><\/td><td class=\"has-text-align-center\" data-align=\"center\"><strong>Total<\/strong><\/td><\/tr><tr><td class=\"has-text-align-center\" data-align=\"center\">1 cours<\/td><td class=\"has-text-align-center\" data-align=\"center\">Laxou 15\u20ac<\/td><td class=\"has-text-align-center\" data-align=\"center\">210\u20ac<\/td><td class=\"has-text-align-center\" data-align=\"center\">225\u20ac<\/td><\/tr><tr><td class=\"has-text-align-center\" data-align=\"center\">1 cours<\/td><td class=\"has-text-align-center\" data-align=\"center\">Autres villes 20\u20ac<\/td><td class=\"has-text-align-center\" data-align=\"center\">210 \u20ac<\/td><td class=\"has-text-align-center\" data-align=\"center\">230\u20ac<\/td><\/tr><tr><td class=\"has-text-align-center\" data-align=\"center\">2cours<\/td><td class=\"has-text-align-center\" data-align=\"center\">Laxou 15\u20ac<\/td><td class=\"has-text-align-center\" data-align=\"center\">350\u20ac<\/td><td class=\"has-text-align-center\" data-align=\"center\">365\u20ac<\/td><\/tr><tr><td class=\"has-text-align-center\" data-align=\"center\">2 cours<\/td><td class=\"has-text-align-center\" data-align=\"center\">Autres villes 20\u20ac<\/td><td class=\"has-text-align-center\" data-align=\"center\">350\u20ac<\/td><td class=\"has-text-align-center\" data-align=\"center\">370\u20ac<\/td><\/tr><tr><td class=\"has-text-align-center\" data-align=\"center\">3 cours<\/td><td class=\"has-text-align-center\" data-align=\"center\">Laxou 15\u20ac<\/td><td class=\"has-text-align-center\" data-align=\"center\">415\u20ac<\/td><td class=\"has-text-align-center\" data-align=\"center\">430\u20ac<\/td><\/tr><tr><td class=\"has-text-align-center\" data-align=\"center\">3 cours<\/td><td class=\"has-text-align-center\" data-align=\"center\">Autres villes 20\u20ac<\/td><td class=\"has-text-align-center\" data-align=\"center\">415\u20ac<\/td><td class=\"has-text-align-center\" data-align=\"center\">435\u20ac<\/td><\/tr><\/tbody><\/table><figcaption class=\"wp-element-caption\">Tarif bien \u00eatre et fitness saison 2025-2026<\/figcaption><\/figure>\n\n\n\n<p><\/p>\n\n\n<div class=\"wp-block-image\">\n<figure class=\"aligncenter size-full is-resized\"><a href=\"http:\/\/alvh.asso.fr\/wordpress\/wp-content\/uploads\/2025\/10\/Photo-de-profil-scaled.jpeg\"><img loading=\"lazy\" decoding=\"async\" width=\"1920\" height=\"2560\" src=\"http:\/\/alvh.asso.fr\/wordpress\/wp-content\/uploads\/2025\/10\/Photo-de-profil-scaled.jpeg\" alt=\"\" class=\"wp-image-4293\" style=\"width:503px;height:auto\" srcset=\"http:\/\/alvh.asso.fr\/wordpress\/wp-content\/uploads\/2025\/10\/Photo-de-profil-scaled.jpeg 1920w, http:\/\/alvh.asso.fr\/wordpress\/wp-content\/uploads\/2025\/10\/Photo-de-profil-225x300.jpeg 225w, http:\/\/alvh.asso.fr\/wordpress\/wp-content\/uploads\/2025\/10\/Photo-de-profil-768x1024.jpeg 768w, http:\/\/alvh.asso.fr\/wordpress\/wp-content\/uploads\/2025\/10\/Photo-de-profil-1152x1536.jpeg 1152w, http:\/\/alvh.asso.fr\/wordpress\/wp-content\/uploads\/2025\/10\/Photo-de-profil-1536x2048.jpeg 1536w, http:\/\/alvh.asso.fr\/wordpress\/wp-content\/uploads\/2025\/10\/Photo-de-profil-113x150.jpeg 113w\" sizes=\"auto, (max-width: 1920px) 100vw, 1920px\" \/><\/a><figcaption class=\"wp-element-caption\">Mortimer cours de cross training <\/figcaption><\/figure>\n<\/div>\n\n\n<figure class=\"wp-block-video\"><video height=\"1080\" style=\"aspect-ratio: 1920 \/ 1080;\" width=\"1920\" controls src=\"http:\/\/alvh.asso.fr\/wordpress\/wp-content\/uploads\/2024\/07\/IMG_0272.mov\"><\/video><\/figure>\n\n\n\n<figure class=\"wp-block-video aligncenter\"><video height=\"1080\" style=\"aspect-ratio: 1334 \/ 1080;\" width=\"1334\" controls src=\"http:\/\/alvh.asso.fr\/wordpress\/wp-content\/uploads\/2024\/07\/IMG_0273.mov\"><\/video><figcaption class=\"wp-element-caption\">Un petit \u00e9chauffement en d\u00e9but de cours <\/figcaption><\/figure>\n\n\n\n<p><\/p>\n","protected":false},"excerpt":{"rendered":"<p>Le cross training, est une discipline qui permet de travailler plusieurs muscles en m\u00eame temps. Chaque s\u00e9ance va d\u00e9velopper en parall\u00e8le, la force, l&rsquo;endurance cardio-musculaire et respiratoire, l&rsquo;agilit\u00e9, et l&rsquo;\u00e9quilibre. L&rsquo;objectif est la remise en forme ainsi que la pr\u00e9paration physique g\u00e9n\u00e9rale. Le but est de surprendre \u00e0 chaque s\u00e9ance\u2026<\/p>\n<p class=\"continue-reading-button\"> <a class=\"continue-reading-link\" href=\"http:\/\/alvh.asso.fr\/wordpress\/body-mix\/\">Lire l&rsquo;article<i class=\"crycon-right-dir\"><\/i><\/a><\/p>\n","protected":false},"author":5,"featured_media":0,"parent":0,"menu_order":0,"comment_status":"closed","ping_status":"closed","template":"","meta":{"footnotes":""},"class_list":["post-1534","page","type-page","status-publish","hentry"],"_links":{"self":[{"href":"http:\/\/alvh.asso.fr\/wordpress\/wp-json\/wp\/v2\/pages\/1534","targetHints":{"allow":["GET"]}}],"collection":[{"href":"http:\/\/alvh.asso.fr\/wordpress\/wp-json\/wp\/v2\/pages"}],"about":[{"href":"http:\/\/alvh.asso.fr\/wordpress\/wp-json\/wp\/v2\/types\/page"}],"author":[{"embeddable":true,"href":"http:\/\/alvh.asso.fr\/wordpress\/wp-json\/wp\/v2\/users\/5"}],"replies":[{"embeddable":true,"href":"http:\/\/alvh.asso.fr\/wordpress\/wp-json\/wp\/v2\/comments?post=1534"}],"version-history":[{"count":15,"href":"http:\/\/alvh.asso.fr\/wordpress\/wp-json\/wp\/v2\/pages\/1534\/revisions"}],"predecessor-version":[{"id":4295,"href":"http:\/\/alvh.asso.fr\/wordpress\/wp-json\/wp\/v2\/pages\/1534\/revisions\/4295"}],"wp:attachment":[{"href":"http:\/\/alvh.asso.fr\/wordpress\/wp-json\/wp\/v2\/media?parent=1534"}],"curies":[{"name":"wp","href":"https:\/\/api.w.org\/{rel}","templated":true}]}}