{"id":1651,"date":"2022-08-26T18:10:33","date_gmt":"2022-08-26T16:10:33","guid":{"rendered":"http:\/\/localhost\/wordpress\/?page_id=1651"},"modified":"2025-09-11T11:54:07","modified_gmt":"2025-09-11T09:54:07","slug":"inscriptions-2022-2023","status":"publish","type":"page","link":"http:\/\/alvh.asso.fr\/wordpress\/inscriptions-2022-2023\/","title":{"rendered":"Inscriptions 2025-2026"},"content":{"rendered":"\n<p>La fin des vacances d\u2019\u00e9t\u00e9 approche pour la plupart d\u2019entre nous, vous avez pour objectif de pratiquer du sport ou de faire d\u00e9couvrir un sport ou une activit\u00e9 \u00e0 votre ou vos enfant(s). Lancez vous dans une nouvelle aventure. Venez nous rejoindre pour la nouvelle saison sportive 2025-2026. <\/p>\n\n\n\n<p>Vous pouvez vous inscrire ou inscrire vos enfants toute l&rsquo;ann\u00e9e n&rsquo;h\u00e9sitez pas \u00e0 nous contacter au 06\/11\/07\/07\/11 ou par mail \u00e0 l&rsquo;adresse suivante alvh.laxou@gmail . com.<\/p>\n\n\n\n<p>vous pouvez t\u00e9l\u00e9charger les formulaires d&rsquo;inscriptions au niveau de chaque activit\u00e9 .<\/p>\n\n\n\n<p><\/p>\n\n\n\n<p><\/p>\n\n\n\n<figure class=\"wp-block-image\"><img loading=\"lazy\" decoding=\"async\" width=\"1745\" height=\"2560\" src=\"http:\/\/alvh.asso.fr\/wordpress\/wp-content\/uploads\/2025\/09\/Changement-lieu-scaled.jpg\" alt=\"\" class=\"wp-image-4214\" srcset=\"http:\/\/alvh.asso.fr\/wordpress\/wp-content\/uploads\/2025\/09\/Changement-lieu-scaled.jpg 1745w, http:\/\/alvh.asso.fr\/wordpress\/wp-content\/uploads\/2025\/09\/Changement-lieu-205x300.jpg 205w, http:\/\/alvh.asso.fr\/wordpress\/wp-content\/uploads\/2025\/09\/Changement-lieu-698x1024.jpg 698w, http:\/\/alvh.asso.fr\/wordpress\/wp-content\/uploads\/2025\/09\/Changement-lieu-768x1126.jpg 768w, http:\/\/alvh.asso.fr\/wordpress\/wp-content\/uploads\/2025\/09\/Changement-lieu-1047x1536.jpg 1047w, http:\/\/alvh.asso.fr\/wordpress\/wp-content\/uploads\/2025\/09\/Changement-lieu-1396x2048.jpg 1396w, http:\/\/alvh.asso.fr\/wordpress\/wp-content\/uploads\/2025\/09\/Changement-lieu-102x150.jpg 102w\" sizes=\"auto, (max-width: 1745px) 100vw, 1745px\" \/><\/figure>\n\n\n\n<p><\/p>\n\n\n\n<p>Nos activit\u00e9s reprendront la semaine du lundi 8 septembre 2025 .<\/p>\n\n\n\n<p>Quelques informations pour les inscriptions : <strong>certificat m\u00e9dical obligatoire<\/strong> pour les arts martiaux et le fitness .<\/p>\n\n\n\n<p>Moyens de paiement : ch\u00e8ques, esp\u00e8ces, ch\u00e8ques vacances et toutes les aides de l&rsquo;Etat pour le sport (pass sport, pass jeunes 54).<\/p>\n\n\n\n<p><\/p>\n\n\n\n<figure class=\"wp-block-gallery has-nested-images columns-default is-cropped wp-block-gallery-1 is-layout-flex wp-block-gallery-is-layout-flex\">\n<figure class=\"wp-block-image size-large\"><a href=\"http:\/\/alvh.asso.fr\/wordpress\/wp-content\/uploads\/2025\/08\/Affiche-ALVH_page-0001.jpg\"><img loading=\"lazy\" decoding=\"async\" width=\"722\" height=\"1024\" data-id=\"4073\" src=\"http:\/\/alvh.asso.fr\/wordpress\/wp-content\/uploads\/2025\/08\/Affiche-ALVH_page-0001-722x1024.jpg\" alt=\"\" class=\"wp-image-4073\" srcset=\"http:\/\/alvh.asso.fr\/wordpress\/wp-content\/uploads\/2025\/08\/Affiche-ALVH_page-0001-722x1024.jpg 722w, http:\/\/alvh.asso.fr\/wordpress\/wp-content\/uploads\/2025\/08\/Affiche-ALVH_page-0001-212x300.jpg 212w, http:\/\/alvh.asso.fr\/wordpress\/wp-content\/uploads\/2025\/08\/Affiche-ALVH_page-0001-768x1089.jpg 768w, http:\/\/alvh.asso.fr\/wordpress\/wp-content\/uploads\/2025\/08\/Affiche-ALVH_page-0001-106x150.jpg 106w, http:\/\/alvh.asso.fr\/wordpress\/wp-content\/uploads\/2025\/08\/Affiche-ALVH_page-0001.jpg 875w\" sizes=\"auto, (max-width: 722px) 100vw, 722px\" \/><\/a><\/figure>\n<\/figure>\n\n\n\n<figure class=\"wp-block-image size-large\"><a href=\"http:\/\/alvh.asso.fr\/wordpress\/wp-content\/uploads\/2025\/08\/Affiche-ALVH_page-0002-1.jpg\"><img loading=\"lazy\" decoding=\"async\" width=\"722\" height=\"1024\" src=\"http:\/\/alvh.asso.fr\/wordpress\/wp-content\/uploads\/2025\/08\/Affiche-ALVH_page-0002-1-722x1024.jpg\" alt=\"\" class=\"wp-image-4075\" srcset=\"http:\/\/alvh.asso.fr\/wordpress\/wp-content\/uploads\/2025\/08\/Affiche-ALVH_page-0002-1-722x1024.jpg 722w, http:\/\/alvh.asso.fr\/wordpress\/wp-content\/uploads\/2025\/08\/Affiche-ALVH_page-0002-1-212x300.jpg 212w, http:\/\/alvh.asso.fr\/wordpress\/wp-content\/uploads\/2025\/08\/Affiche-ALVH_page-0002-1-768x1089.jpg 768w, http:\/\/alvh.asso.fr\/wordpress\/wp-content\/uploads\/2025\/08\/Affiche-ALVH_page-0002-1-106x150.jpg 106w, http:\/\/alvh.asso.fr\/wordpress\/wp-content\/uploads\/2025\/08\/Affiche-ALVH_page-0002-1.jpg 875w\" sizes=\"auto, (max-width: 722px) 100vw, 722px\" \/><\/a><\/figure>\n","protected":false},"excerpt":{"rendered":"<p>La fin des vacances d\u2019\u00e9t\u00e9 approche pour la plupart d\u2019entre nous, vous avez pour objectif de pratiquer du sport ou de faire d\u00e9couvrir un sport ou une activit\u00e9 \u00e0 votre ou vos enfant(s). Lancez vous dans une nouvelle aventure. Venez nous rejoindre pour la nouvelle saison sportive 2025-2026. Vous pouvez\u2026<\/p>\n<p class=\"continue-reading-button\"> <a class=\"continue-reading-link\" href=\"http:\/\/alvh.asso.fr\/wordpress\/inscriptions-2022-2023\/\">Lire l&rsquo;article<i class=\"crycon-right-dir\"><\/i><\/a><\/p>\n","protected":false},"author":5,"featured_media":0,"parent":0,"menu_order":0,"comment_status":"closed","ping_status":"closed","template":"","meta":{"footnotes":""},"class_list":["post-1651","page","type-page","status-publish","hentry"],"_links":{"self":[{"href":"http:\/\/alvh.asso.fr\/wordpress\/wp-json\/wp\/v2\/pages\/1651","targetHints":{"allow":["GET"]}}],"collection":[{"href":"http:\/\/alvh.asso.fr\/wordpress\/wp-json\/wp\/v2\/pages"}],"about":[{"href":"http:\/\/alvh.asso.fr\/wordpress\/wp-json\/wp\/v2\/types\/page"}],"author":[{"embeddable":true,"href":"http:\/\/alvh.asso.fr\/wordpress\/wp-json\/wp\/v2\/users\/5"}],"replies":[{"embeddable":true,"href":"http:\/\/alvh.asso.fr\/wordpress\/wp-json\/wp\/v2\/comments?post=1651"}],"version-history":[{"count":40,"href":"http:\/\/alvh.asso.fr\/wordpress\/wp-json\/wp\/v2\/pages\/1651\/revisions"}],"predecessor-version":[{"id":4224,"href":"http:\/\/alvh.asso.fr\/wordpress\/wp-json\/wp\/v2\/pages\/1651\/revisions\/4224"}],"wp:attachment":[{"href":"http:\/\/alvh.asso.fr\/wordpress\/wp-json\/wp\/v2\/media?parent=1651"}],"curies":[{"name":"wp","href":"https:\/\/api.w.org\/{rel}","templated":true}]}}