{"id":1689,"date":"2022-08-26T18:10:43","date_gmt":"2022-08-26T16:10:43","guid":{"rendered":"http:\/\/alvh.asso.fr\/wordpress\/?page_id=1689"},"modified":"2025-08-18T14:27:18","modified_gmt":"2025-08-18T12:27:18","slug":"fitness-2","status":"publish","type":"page","link":"http:\/\/alvh.asso.fr\/wordpress\/fitness-2\/","title":{"rendered":"Fitness"},"content":{"rendered":"\n<p>L&rsquo;association propose une nouvelle activit\u00e9  pour la saison sportive 2024-2025<\/p>\n\n\n\n<div class=\"wp-block-buttons is-layout-flex wp-block-buttons-is-layout-flex\">\n<div class=\"wp-block-button is-style-outline is-style-outline--1\"><a class=\"wp-block-button__link has-vivid-red-color has-text-color has-link-color has-small-font-size has-custom-font-size wp-element-button\" href=\"http:\/\/alvh.asso.fr\/wordpress\/body-mix\/\">CROSS-TRAINING <\/a><\/div>\n<\/div>\n\n\n\n<p><\/p>\n\n\n\n<div class=\"wp-block-buttons is-layout-flex wp-block-buttons-is-layout-flex\">\n<div class=\"wp-block-button is-style-outline is-style-outline--2\"><a class=\"wp-block-button__link has-vivid-red-color has-text-color has-link-color has-small-font-size has-custom-font-size wp-element-button\" href=\"http:\/\/alvh.asso.fr\/wordpress\/total-body\/\">TOTAL BODY<\/a><\/div>\n<\/div>\n\n\n\n<p><\/p>\n\n\n\n<div class=\"wp-block-buttons is-layout-flex wp-block-buttons-is-layout-flex\">\n<div class=\"wp-block-button is-style-outline is-style-outline--3\"><a class=\"wp-block-button__link has-vivid-cyan-blue-color has-text-color has-link-color has-small-font-size has-custom-font-size wp-element-button\" href=\"http:\/\/alvh.asso.fr\/wordpress\/formulaire-dinscription\/\">FORMULAIRE D&rsquo;INSCRIPTION<\/a><\/div>\n<\/div>\n\n\n\n<p class=\"has-text-align-center\">Pour les activit\u00e9s fitness un certificat m\u00e9dical vous sera demand\u00e9 <\/p>\n","protected":false},"excerpt":{"rendered":"<p>L&rsquo;association propose une nouvelle activit\u00e9 pour la saison sportive 2024-2025 Pour les activit\u00e9s fitness un certificat m\u00e9dical vous sera demand\u00e9<\/p>\n<p class=\"continue-reading-button\"> <a class=\"continue-reading-link\" href=\"http:\/\/alvh.asso.fr\/wordpress\/fitness-2\/\">Lire l&rsquo;article<i class=\"crycon-right-dir\"><\/i><\/a><\/p>\n","protected":false},"author":5,"featured_media":0,"parent":0,"menu_order":0,"comment_status":"closed","ping_status":"closed","template":"","meta":{"footnotes":""},"class_list":["post-1689","page","type-page","status-publish","hentry"],"_links":{"self":[{"href":"http:\/\/alvh.asso.fr\/wordpress\/wp-json\/wp\/v2\/pages\/1689","targetHints":{"allow":["GET"]}}],"collection":[{"href":"http:\/\/alvh.asso.fr\/wordpress\/wp-json\/wp\/v2\/pages"}],"about":[{"href":"http:\/\/alvh.asso.fr\/wordpress\/wp-json\/wp\/v2\/types\/page"}],"author":[{"embeddable":true,"href":"http:\/\/alvh.asso.fr\/wordpress\/wp-json\/wp\/v2\/users\/5"}],"replies":[{"embeddable":true,"href":"http:\/\/alvh.asso.fr\/wordpress\/wp-json\/wp\/v2\/comments?post=1689"}],"version-history":[{"count":15,"href":"http:\/\/alvh.asso.fr\/wordpress\/wp-json\/wp\/v2\/pages\/1689\/revisions"}],"predecessor-version":[{"id":4163,"href":"http:\/\/alvh.asso.fr\/wordpress\/wp-json\/wp\/v2\/pages\/1689\/revisions\/4163"}],"wp:attachment":[{"href":"http:\/\/alvh.asso.fr\/wordpress\/wp-json\/wp\/v2\/media?parent=1689"}],"curies":[{"name":"wp","href":"https:\/\/api.w.org\/{rel}","templated":true}]}}