{"id":1691,"date":"2022-08-27T17:01:22","date_gmt":"2022-08-27T15:01:22","guid":{"rendered":"http:\/\/alvh.asso.fr\/wordpress\/?page_id=1691"},"modified":"2025-10-15T15:39:44","modified_gmt":"2025-10-15T13:39:44","slug":"total-body","status":"publish","type":"page","link":"http:\/\/alvh.asso.fr\/wordpress\/total-body\/","title":{"rendered":"Total Body"},"content":{"rendered":"\n<p>Cette discipline permet d&rsquo;alterner les phases de cardio et  de renforcement musculaire.<\/p>\n\n\n\n<p>Les bienfaits: C&rsquo;est une activit\u00e9 compl\u00e8te qui combine le meilleur du cardio et du renforcement musculaire .<\/p>\n\n\n\n<p class=\"has-text-align-left\">Le total body permet de br\u00fbler des calories et de r\u00e9duire la surcharge pond\u00e9rale. C&rsquo;est une m\u00e9thode qui consiste  \u00e0 travailler l&rsquo; ensemble des cha\u00eenes musculaires au cours d&rsquo; un m\u00eame entrainement.<\/p>\n\n\n\n<p><\/p>\n\n\n<div class=\"wp-block-image\">\n<figure class=\"aligncenter is-resized\"><img decoding=\"async\" src=\"http:\/\/alvh.asso.fr\/wordpress\/wp-content\/uploads\/2025\/08\/Romuald_Geiregat-2-970x1024.jpg\" alt=\"\" class=\"wp-image-4181\" style=\"width:380px;height:auto\"\/><figcaption class=\"wp-element-caption\">ROMUALD<\/figcaption><\/figure>\n<\/div>\n\n\n<p>Si vous souhaitez vous inscrire pour l&rsquo;activit\u00e9 cross training \u00e0 l&rsquo;A.L.V.H vous pouvez la t\u00e9l\u00e9charger la fiche d&rsquo;inscription ci-dessous  et la remplir chez vous. <\/p>\n\n\n\n<div class=\"wp-block-file\"><a id=\"wp-block-file--media-b82d0202-5e7f-48ce-bf20-dc270a494508\" href=\"http:\/\/alvh.asso.fr\/wordpress\/wp-content\/uploads\/2025\/08\/1-Fiche_inscription_2025-2026_bien-etre-et-fitness-5.docx\">1-Fiche_inscription_2025-2026_bien  etre et fitness<\/a><a href=\"http:\/\/alvh.asso.fr\/wordpress\/wp-content\/uploads\/2025\/08\/1-Fiche_inscription_2025-2026_bien-etre-et-fitness-5.docx\" class=\"wp-block-file__button wp-element-button\" download aria-describedby=\"wp-block-file--media-b82d0202-5e7f-48ce-bf20-dc270a494508\">T\u00e9l\u00e9charger<\/a><\/div>\n\n\n\n<figure class=\"wp-block-table has-medium-font-size\"><table><tbody><tr><td class=\"has-text-align-center\" data-align=\"center\"><strong>Lieu<\/strong><\/td><td class=\"has-text-align-center\" data-align=\"center\"><strong>Age<\/strong><\/td><td class=\"has-text-align-center\" data-align=\"center\"><strong>Jour<\/strong><\/td><td class=\"has-text-align-center\" data-align=\"center\"><strong>Heure<\/strong><\/td><td class=\"has-text-align-center\" data-align=\"center\"><strong>Contact<\/strong><\/td><\/tr><tr><td class=\"has-text-align-center\" data-align=\"center\">Gymnase <br>Victor Hugo<\/td><td class=\"has-text-align-center\" data-align=\"center\">16 ans+<\/td><td class=\"has-text-align-center\" data-align=\"center\">lundi<\/td><td class=\"has-text-align-center\" data-align=\"center\">18h30-19h30<\/td><td class=\"has-text-align-center\" data-align=\"center\">0611070711<\/td><\/tr><\/tbody><\/table><figcaption class=\"wp-element-caption\">Saison 2025-2026<\/figcaption><\/figure>\n\n\n\n<p><\/p>\n\n\n\n<figure class=\"wp-block-table\"><table class=\"has-fixed-layout\"><tbody><tr><td class=\"has-text-align-center\" data-align=\"center\"><strong>Cours<\/strong><\/td><td class=\"has-text-align-center\" data-align=\"center\"><strong>Adh\u00e9sion<\/strong><\/td><td class=\"has-text-align-center\" data-align=\"center\"><strong>Cotisation<\/strong><\/td><td class=\"has-text-align-center\" data-align=\"center\"><strong>Total<\/strong><\/td><\/tr><tr><td class=\"has-text-align-center\" data-align=\"center\">1 cours<\/td><td class=\"has-text-align-center\" data-align=\"center\">Laxou 15\u20ac<\/td><td class=\"has-text-align-center\" data-align=\"center\">210\u20ac<\/td><td class=\"has-text-align-center\" data-align=\"center\">225\u20ac<\/td><\/tr><tr><td class=\"has-text-align-center\" data-align=\"center\">1 cours<\/td><td class=\"has-text-align-center\" data-align=\"center\">Autres villes 20\u20ac<\/td><td class=\"has-text-align-center\" data-align=\"center\">210\u20ac<\/td><td class=\"has-text-align-center\" data-align=\"center\">230\u20ac<\/td><\/tr><tr><td class=\"has-text-align-center\" data-align=\"center\">2 cours<\/td><td class=\"has-text-align-center\" data-align=\"center\">Laxou 15\u20ac<\/td><td class=\"has-text-align-center\" data-align=\"center\">350\u20ac<\/td><td class=\"has-text-align-center\" data-align=\"center\">365\u20ac<\/td><\/tr><tr><td class=\"has-text-align-center\" data-align=\"center\">2 cours<\/td><td class=\"has-text-align-center\" data-align=\"center\">Autres villes20\u20ac<\/td><td class=\"has-text-align-center\" data-align=\"center\">350\u20ac<\/td><td class=\"has-text-align-center\" data-align=\"center\">370\u20ac<\/td><\/tr><tr><td class=\"has-text-align-center\" data-align=\"center\">3 cours<\/td><td class=\"has-text-align-center\" data-align=\"center\">Laxou 15\u20ac<\/td><td class=\"has-text-align-center\" data-align=\"center\">415\u20ac<\/td><td class=\"has-text-align-center\" data-align=\"center\">430\u20ac<\/td><\/tr><tr><td class=\"has-text-align-center\" data-align=\"center\">3 cours<\/td><td class=\"has-text-align-center\" data-align=\"center\">Autres villes 20\u20ac<\/td><td class=\"has-text-align-center\" data-align=\"center\">415\u20ac<\/td><td class=\"has-text-align-center\" data-align=\"center\">435\u20ac<\/td><\/tr><\/tbody><\/table><figcaption class=\"wp-element-caption\">Tarif bien \u00eatre et fitness 2025-2026<\/figcaption><\/figure>\n\n\n\n<p>Voici une photo quelques vid\u00e9os pour vous donner une id\u00e9e du cours de Total Body. N\u2019h\u00e9sitez pas \u00e0 nous rejoindre nombreux.<\/p>\n\n\n\n<figure class=\"wp-block-gallery has-nested-images columns-default is-cropped wp-block-gallery-1 is-layout-flex wp-block-gallery-is-layout-flex\">\n<figure class=\"wp-block-image size-large\"><a href=\"http:\/\/alvh.asso.fr\/wordpress\/wp-content\/uploads\/2025\/10\/IMG_61071-rotated.jpg\"><img loading=\"lazy\" decoding=\"async\" width=\"480\" height=\"640\" data-id=\"4238\" src=\"http:\/\/alvh.asso.fr\/wordpress\/wp-content\/uploads\/2025\/10\/IMG_61071-rotated.jpg\" alt=\"\" class=\"wp-image-4238\" srcset=\"http:\/\/alvh.asso.fr\/wordpress\/wp-content\/uploads\/2025\/10\/IMG_61071-rotated.jpg 480w, http:\/\/alvh.asso.fr\/wordpress\/wp-content\/uploads\/2025\/10\/IMG_61071-225x300.jpg 225w, http:\/\/alvh.asso.fr\/wordpress\/wp-content\/uploads\/2025\/10\/IMG_61071-113x150.jpg 113w\" sizes=\"auto, (max-width: 480px) 100vw, 480px\" \/><\/a><\/figure>\n<figcaption class=\"blocks-gallery-caption wp-element-caption\">Cours de Total Body le 13 octobre 2025<\/figcaption><\/figure>\n\n\n\n<figure class=\"wp-block-video aligncenter\"><video height=\"1920\" style=\"aspect-ratio: 1080 \/ 1920;\" width=\"1080\" controls src=\"http:\/\/alvh.asso.fr\/wordpress\/wp-content\/uploads\/2025\/10\/video-total-body-3-minutes_te8Gjtrz.mp4\"><\/video><figcaption class=\"wp-element-caption\">La chor\u00e9graphie s&rsquo;appelle le cavalier <\/figcaption><\/figure>\n\n\n\n<figure class=\"wp-block-video aligncenter\"><video height=\"1080\" style=\"aspect-ratio: 1920 \/ 1080;\" width=\"1920\" controls src=\"http:\/\/alvh.asso.fr\/wordpress\/wp-content\/uploads\/2025\/10\/IMG_6105.mov\"><\/video><figcaption class=\"wp-element-caption\">une s\u00e9rie de fentes <\/figcaption><\/figure>\n\n\n\n<figure class=\"wp-block-video aligncenter\"><video height=\"1080\" style=\"aspect-ratio: 1920 \/ 1080;\" width=\"1920\" controls src=\"http:\/\/alvh.asso.fr\/wordpress\/wp-content\/uploads\/2025\/10\/IMG_6108-1.mov\"><\/video><figcaption class=\"wp-element-caption\">une petite s\u00e9rie de squats <\/figcaption><\/figure>\n\n\n\n<figure class=\"wp-block-video\"><video height=\"1080\" style=\"aspect-ratio: 1920 \/ 1080;\" width=\"1920\" controls src=\"http:\/\/alvh.asso.fr\/wordpress\/wp-content\/uploads\/2025\/10\/IMG_6109.mov\"><\/video><\/figure>\n\n\n\n<p><\/p>\n","protected":false},"excerpt":{"rendered":"<p>Cette discipline permet d&rsquo;alterner les phases de cardio et de renforcement musculaire. Les bienfaits: C&rsquo;est une activit\u00e9 compl\u00e8te qui combine le meilleur du cardio et du renforcement musculaire . Le total body permet de br\u00fbler des calories et de r\u00e9duire la surcharge pond\u00e9rale. C&rsquo;est une m\u00e9thode qui consiste \u00e0 travailler\u2026<\/p>\n<p class=\"continue-reading-button\"> <a class=\"continue-reading-link\" href=\"http:\/\/alvh.asso.fr\/wordpress\/total-body\/\">Lire l&rsquo;article<i class=\"crycon-right-dir\"><\/i><\/a><\/p>\n","protected":false},"author":5,"featured_media":0,"parent":0,"menu_order":0,"comment_status":"closed","ping_status":"closed","template":"","meta":{"footnotes":""},"class_list":["post-1691","page","type-page","status-publish","hentry"],"_links":{"self":[{"href":"http:\/\/alvh.asso.fr\/wordpress\/wp-json\/wp\/v2\/pages\/1691","targetHints":{"allow":["GET"]}}],"collection":[{"href":"http:\/\/alvh.asso.fr\/wordpress\/wp-json\/wp\/v2\/pages"}],"about":[{"href":"http:\/\/alvh.asso.fr\/wordpress\/wp-json\/wp\/v2\/types\/page"}],"author":[{"embeddable":true,"href":"http:\/\/alvh.asso.fr\/wordpress\/wp-json\/wp\/v2\/users\/5"}],"replies":[{"embeddable":true,"href":"http:\/\/alvh.asso.fr\/wordpress\/wp-json\/wp\/v2\/comments?post=1691"}],"version-history":[{"count":39,"href":"http:\/\/alvh.asso.fr\/wordpress\/wp-json\/wp\/v2\/pages\/1691\/revisions"}],"predecessor-version":[{"id":4267,"href":"http:\/\/alvh.asso.fr\/wordpress\/wp-json\/wp\/v2\/pages\/1691\/revisions\/4267"}],"wp:attachment":[{"href":"http:\/\/alvh.asso.fr\/wordpress\/wp-json\/wp\/v2\/media?parent=1691"}],"curies":[{"name":"wp","href":"https:\/\/api.w.org\/{rel}","templated":true}]}}