{"id":2539,"date":"2022-08-31T09:48:10","date_gmt":"2022-08-31T07:48:10","guid":{"rendered":"http:\/\/alvh.asso.fr\/wordpress\/?page_id=2539"},"modified":"2025-09-20T09:42:35","modified_gmt":"2025-09-20T07:42:35","slug":"karate-enfants","status":"publish","type":"page","link":"http:\/\/alvh.asso.fr\/wordpress\/karate-enfants\/","title":{"rendered":"Karat\u00e9 enfants"},"content":{"rendered":"\n<p>Le baby karat\u00e9 (5 -7 ans) est principalement ax\u00e9 sur des exercices de motricit\u00e9, d&rsquo;\u00e9quilibre et de coordination. Le karat\u00e9 permet \u00e0 l&rsquo;enfant de s&rsquo;amuser en d\u00e9couvrant son corps et ses d\u00e9placements dans l&rsquo;espace.<\/p>\n\n\n\n<p>Pour les plus grands (8-15 ans) certains pratiquent le karat\u00e9 depuis plusieurs ann\u00e9es et maitrisent les techniques de combats ou de katas. D&rsquo;autres d\u00e9couvrent le karat\u00e9 dans un esprit ludique. Les enfants pratiqueront le karat\u00e9 de style Shito-ryu.<\/p>\n\n\n\n<p><\/p>\n\n\n<div class=\"wp-block-image\">\n<figure class=\"aligncenter size-full\"><a href=\"http:\/\/alvh.asso.fr\/wordpress\/wp-content\/uploads\/2025\/08\/image-shito-ryu-1.jpg\"><img loading=\"lazy\" decoding=\"async\" width=\"319\" height=\"690\" src=\"http:\/\/alvh.asso.fr\/wordpress\/wp-content\/uploads\/2025\/08\/image-shito-ryu-1.jpg\" alt=\"\" class=\"wp-image-4108\" srcset=\"http:\/\/alvh.asso.fr\/wordpress\/wp-content\/uploads\/2025\/08\/image-shito-ryu-1.jpg 319w, http:\/\/alvh.asso.fr\/wordpress\/wp-content\/uploads\/2025\/08\/image-shito-ryu-1-139x300.jpg 139w, http:\/\/alvh.asso.fr\/wordpress\/wp-content\/uploads\/2025\/08\/image-shito-ryu-1-69x150.jpg 69w\" sizes=\"auto, (max-width: 319px) 100vw, 319px\" \/><\/a><\/figure>\n<\/div>\n\n\n<p>.<\/p>\n\n\n\n<p><\/p>\n\n\n<div class=\"wp-block-image\">\n<figure class=\"aligncenter size-full\"><a href=\"http:\/\/alvh.asso.fr\/wordpress\/wp-content\/uploads\/2022\/08\/image-4.png\"><img decoding=\"async\" src=\"http:\/\/alvh.asso.fr\/wordpress\/wp-content\/uploads\/2022\/08\/image-4.png\" alt=\"\" class=\"wp-image-1985\"\/><\/a><\/figure>\n<\/div>\n\n\n<p>Si vous souhaitez vous inscrire pour l&rsquo;activit\u00e9 cross training \u00e0 l&rsquo;A.L.V.H vous pouvez la t\u00e9l\u00e9charger la fiche d&rsquo;inscription ci-dessous  et la remplir chez vous. <\/p>\n\n\n\n<div class=\"wp-block-file\"><a id=\"wp-block-file--media-2f65faab-baa2-4cc8-879a-2e1e5d55ed54\" href=\"http:\/\/alvh.asso.fr\/wordpress\/wp-content\/uploads\/2025\/08\/2-Fiche_inscription_2025-2026_judo_karate-2.docx\">2-Fiche_inscription_2025-2026_judo_karate<\/a><a href=\"http:\/\/alvh.asso.fr\/wordpress\/wp-content\/uploads\/2025\/08\/2-Fiche_inscription_2025-2026_judo_karate-2.docx\" class=\"wp-block-file__button wp-element-button\" download aria-describedby=\"wp-block-file--media-2f65faab-baa2-4cc8-879a-2e1e5d55ed54\">T\u00e9l\u00e9charger<\/a><\/div>\n\n\n<div class=\"wp-block-image\">\n<figure class=\"aligncenter size-large is-resized\"><a href=\"http:\/\/alvh.asso.fr\/wordpress\/wp-content\/uploads\/2025\/09\/IMG_6090-scaled.jpg\"><img loading=\"lazy\" decoding=\"async\" width=\"768\" height=\"1024\" src=\"http:\/\/alvh.asso.fr\/wordpress\/wp-content\/uploads\/2025\/09\/IMG_6090-768x1024.jpg\" alt=\"\" class=\"wp-image-4226\" style=\"width:334px;height:auto\" srcset=\"http:\/\/alvh.asso.fr\/wordpress\/wp-content\/uploads\/2025\/09\/IMG_6090-768x1024.jpg 768w, http:\/\/alvh.asso.fr\/wordpress\/wp-content\/uploads\/2025\/09\/IMG_6090-225x300.jpg 225w, http:\/\/alvh.asso.fr\/wordpress\/wp-content\/uploads\/2025\/09\/IMG_6090-1152x1536.jpg 1152w, http:\/\/alvh.asso.fr\/wordpress\/wp-content\/uploads\/2025\/09\/IMG_6090-1536x2048.jpg 1536w, http:\/\/alvh.asso.fr\/wordpress\/wp-content\/uploads\/2025\/09\/IMG_6090-113x150.jpg 113w, http:\/\/alvh.asso.fr\/wordpress\/wp-content\/uploads\/2025\/09\/IMG_6090-scaled.jpg 1920w\" sizes=\"auto, (max-width: 768px) 100vw, 768px\" \/><\/a><figcaption class=\"wp-element-caption\">ALI<\/figcaption><\/figure>\n<\/div>\n\n\n<p>Les cours reprendront la semaine du 8 septembre 2025.<\/p>\n\n\n\n<figure class=\"wp-block-table\"><table><tbody><tr><td class=\"has-text-align-center\" data-align=\"center\"><strong>Lieu<\/strong><\/td><td class=\"has-text-align-center\" data-align=\"center\"><strong>Age<\/strong><\/td><td class=\"has-text-align-center\" data-align=\"center\"><strong>Jour<\/strong><\/td><td class=\"has-text-align-center\" data-align=\"center\"><strong>Heure<\/strong><\/td><td class=\"has-text-align-center\" data-align=\"center\"><strong>Contact <\/strong><\/td><\/tr><tr><td class=\"has-text-align-center\" data-align=\"center\">Salle des arts martiaux <br>Victor Hugo<\/td><td class=\"has-text-align-center\" data-align=\"center\">10-14 ans<\/td><td class=\"has-text-align-center\" data-align=\"center\">Mercredi <\/td><td class=\"has-text-align-center\" data-align=\"center\">15h00-16h00<\/td><td class=\"has-text-align-center\" data-align=\"center\">0611070711<\/td><\/tr><tr><td class=\"has-text-align-center\" data-align=\"center\">Salle des arts martiaux <br>Victor Hugo<\/td><td class=\"has-text-align-center\" data-align=\"center\">5-9 ans <\/td><td class=\"has-text-align-center\" data-align=\"center\">Samedi<\/td><td class=\"has-text-align-center\" data-align=\"center\">9h00-10h00<\/td><td class=\"has-text-align-center\" data-align=\"center\">0611070711<\/td><\/tr><tr><td class=\"has-text-align-center\" data-align=\"center\">Salle des arts martiaux <br>Victor Hugo<\/td><td class=\"has-text-align-center\" data-align=\"center\">10-14 ans<\/td><td class=\"has-text-align-center\" data-align=\"center\">Samedi<\/td><td class=\"has-text-align-center\" data-align=\"center\">10h00-11h00<\/td><td class=\"has-text-align-center\" data-align=\"center\">0611070711<\/td><\/tr><\/tbody><\/table><figcaption class=\"wp-element-caption\">Saison sportive 2024-2025.<\/figcaption><\/figure>\n\n\n\n<p class=\"has-text-align-center has-vivid-cyan-blue-color has-text-color\"><strong>KARATE : enfant de 5-9 ans<\/strong><\/p>\n\n\n\n<p class=\"has-text-align-center has-vivid-cyan-blue-color has-text-color\"><strong>Samedi de 9h00 \u00e0 10h00<\/strong> 1<\/p>\n\n\n\n<figure class=\"wp-block-table\"><table><tbody><tr><td class=\"has-text-align-center\" data-align=\"center\">Ville <\/td><td class=\"has-text-align-center\" data-align=\"center\">Adh\u00e9sion <\/td><td class=\"has-text-align-center\" data-align=\"center\">Licence<\/td><td class=\"has-text-align-center\" data-align=\"center\">Cotisation annuelle<\/td><td class=\"has-text-align-center\" data-align=\"center\">Total<\/td><\/tr><tr><td class=\"has-text-align-center\" data-align=\"center\">Laxou<\/td><td class=\"has-text-align-center\" data-align=\"center\"> 15\u20ac<\/td><td class=\"has-text-align-center\" data-align=\"center\">39\u20ac<\/td><td class=\"has-text-align-center\" data-align=\"center\">115\u20ac<\/td><td class=\"has-text-align-center\" data-align=\"center\">169\u20ac<\/td><\/tr><tr><td class=\"has-text-align-center\" data-align=\"center\">Autres villes <\/td><td class=\"has-text-align-center\" data-align=\"center\">20\u20ac<\/td><td class=\"has-text-align-center\" data-align=\"center\">39\u20ac<\/td><td class=\"has-text-align-center\" data-align=\"center\">115\u20ac<\/td><td class=\"has-text-align-center\" data-align=\"center\">174\u20ac<\/td><\/tr><\/tbody><\/table><figcaption class=\"wp-element-caption\">Tarifs saison 2025-2026  <\/figcaption><\/figure>\n\n\n\n<p class=\"has-text-align-center has-vivid-cyan-blue-color has-text-color\"><strong>KARATE : enfant de 7ans  et plus <\/strong><\/p>\n\n\n\n<p class=\"has-text-align-center has-vivid-cyan-blue-color has-text-color\"><strong>Samedi de 10h00 \u00e0 11h00 et  mercredi de 15h00 \u00e0 16h00.<\/strong><\/p>\n\n\n\n<figure class=\"wp-block-table\"><table><tbody><tr><td class=\"has-text-align-center\" data-align=\"center\">Villes <\/td><td class=\"has-text-align-center\" data-align=\"center\">Adh\u00e9sion<\/td><td class=\"has-text-align-center\" data-align=\"center\">Licence<\/td><td class=\"has-text-align-center\" data-align=\"center\">Cotisation annuelle<\/td><td class=\"has-text-align-center\" data-align=\"center\">Total<\/td><\/tr><tr><td class=\"has-text-align-center\" data-align=\"center\">Laxou<\/td><td class=\"has-text-align-center\" data-align=\"center\"> 15\u20ac<\/td><td class=\"has-text-align-center\" data-align=\"center\">39\u20ac<\/td><td class=\"has-text-align-center\" data-align=\"center\">168\u20ac<\/td><td class=\"has-text-align-center\" data-align=\"center\">222\u20ac<\/td><\/tr><tr><td class=\"has-text-align-center\" data-align=\"center\">Autres villes <\/td><td class=\"has-text-align-center\" data-align=\"center\">20\u20ac<\/td><td class=\"has-text-align-center\" data-align=\"center\">39\u20ac<\/td><td class=\"has-text-align-center\" data-align=\"center\">168\u20ac<\/td><td class=\"has-text-align-center\" data-align=\"center\">227\u20ac<\/td><\/tr><\/tbody><\/table><figcaption class=\"wp-element-caption\">Tarifs saison2025-2026 <\/figcaption><\/figure>\n\n\n\n<figure class=\"wp-block-gallery has-nested-images columns-default is-cropped wp-block-gallery-1 is-layout-flex wp-block-gallery-is-layout-flex\">\n<figure class=\"wp-block-image size-large\"><a href=\"http:\/\/alvh.asso.fr\/wordpress\/wp-content\/uploads\/2024\/08\/IMG_2972-1-scaled.jpg\"><img decoding=\"async\" data-id=\"3827\" src=\"http:\/\/alvh.asso.fr\/wordpress\/wp-content\/uploads\/2024\/08\/IMG_2972-1-1024x768.jpg\" alt=\"\" class=\"wp-image-3827\"\/><\/a><\/figure>\n\n\n\n<figure class=\"wp-block-image size-large\"><a href=\"http:\/\/alvh.asso.fr\/wordpress\/wp-content\/uploads\/2024\/08\/isac-sacha-mattew.jpg\"><img decoding=\"async\" data-id=\"3823\" src=\"http:\/\/alvh.asso.fr\/wordpress\/wp-content\/uploads\/2024\/08\/isac-sacha-mattew-768x1024.jpg\" alt=\"\" class=\"wp-image-3823\"\/><\/a><\/figure>\n\n\n\n<figure class=\"wp-block-image size-large\"><a href=\"http:\/\/alvh.asso.fr\/wordpress\/wp-content\/uploads\/2024\/08\/les-3-medailles-bronze-katas.jpg\"><img decoding=\"async\" data-id=\"3824\" src=\"http:\/\/alvh.asso.fr\/wordpress\/wp-content\/uploads\/2024\/08\/les-3-medailles-bronze-katas-768x1024.jpg\" alt=\"\" class=\"wp-image-3824\"\/><\/a><\/figure>\n\n\n\n<figure class=\"wp-block-image size-large\"><a href=\"http:\/\/alvh.asso.fr\/wordpress\/wp-content\/uploads\/2024\/08\/73b9cb2c-f0da-4797-aa87-0f9c91216e7d-1.jpg\"><img decoding=\"async\" data-id=\"3825\" src=\"http:\/\/alvh.asso.fr\/wordpress\/wp-content\/uploads\/2024\/08\/73b9cb2c-f0da-4797-aa87-0f9c91216e7d-1-1024x768.jpg\" alt=\"\" class=\"wp-image-3825\"\/><\/a><\/figure>\n\n\n\n<figure class=\"wp-block-image size-large\"><a href=\"http:\/\/alvh.asso.fr\/wordpress\/wp-content\/uploads\/2024\/08\/e21fe284-f5df-475c-8574-aa93f5a25834.jpg\"><img decoding=\"async\" data-id=\"3826\" src=\"http:\/\/alvh.asso.fr\/wordpress\/wp-content\/uploads\/2024\/08\/e21fe284-f5df-475c-8574-aa93f5a25834-1024x768.jpg\" alt=\"\" class=\"wp-image-3826\"\/><\/a><\/figure>\n<figcaption class=\"blocks-gallery-caption wp-element-caption\">Championnat de Meurthe et Moselle kata \u00e0 Pont \u00e0 Mousson <\/figcaption><\/figure>\n\n\n\n<figure class=\"wp-block-gallery has-nested-images columns-default is-cropped wp-block-gallery-2 is-layout-flex wp-block-gallery-is-layout-flex\">\n<figure class=\"wp-block-image size-large\"><a href=\"http:\/\/alvh.asso.fr\/wordpress\/wp-content\/uploads\/2024\/08\/oussam-scaled.jpg\"><img decoding=\"async\" data-id=\"3828\" src=\"http:\/\/alvh.asso.fr\/wordpress\/wp-content\/uploads\/2024\/08\/oussam-1024x421.jpg\" alt=\"\" class=\"wp-image-3828\"\/><\/a><\/figure>\n\n\n\n<figure class=\"wp-block-image size-large\"><a href=\"http:\/\/alvh.asso.fr\/wordpress\/wp-content\/uploads\/2024\/08\/abdalah-scaled.jpg\"><img decoding=\"async\" data-id=\"3831\" src=\"http:\/\/alvh.asso.fr\/wordpress\/wp-content\/uploads\/2024\/08\/abdalah-1024x768.jpg\" alt=\"\" class=\"wp-image-3831\"\/><\/a><\/figure>\n\n\n\n<figure class=\"wp-block-image size-large\"><a href=\"http:\/\/alvh.asso.fr\/wordpress\/wp-content\/uploads\/2024\/08\/adem-scaled.jpg\"><img decoding=\"async\" data-id=\"3830\" src=\"http:\/\/alvh.asso.fr\/wordpress\/wp-content\/uploads\/2024\/08\/adem-1024x755.jpg\" alt=\"\" class=\"wp-image-3830\"\/><\/a><\/figure>\n\n\n\n<figure class=\"wp-block-image size-large\"><a href=\"http:\/\/alvh.asso.fr\/wordpress\/wp-content\/uploads\/2024\/08\/hamza.jpg\"><img decoding=\"async\" data-id=\"3829\" src=\"http:\/\/alvh.asso.fr\/wordpress\/wp-content\/uploads\/2024\/08\/hamza-1024x976.jpg\" alt=\"\" class=\"wp-image-3829\"\/><\/a><\/figure>\n\n\n\n<figure class=\"wp-block-image size-large\"><a href=\"http:\/\/alvh.asso.fr\/wordpress\/wp-content\/uploads\/2024\/08\/mae.jpg\"><img decoding=\"async\" data-id=\"3832\" src=\"http:\/\/alvh.asso.fr\/wordpress\/wp-content\/uploads\/2024\/08\/mae.jpg\" alt=\"\" class=\"wp-image-3832\"\/><\/a><\/figure>\n\n\n\n<figure class=\"wp-block-image size-large\"><a href=\"http:\/\/alvh.asso.fr\/wordpress\/wp-content\/uploads\/2024\/08\/maleck.jpg\"><img decoding=\"async\" data-id=\"3833\" src=\"http:\/\/alvh.asso.fr\/wordpress\/wp-content\/uploads\/2024\/08\/maleck-1024x931.jpg\" alt=\"\" class=\"wp-image-3833\"\/><\/a><\/figure>\n\n\n\n<figure class=\"wp-block-image size-large\"><a href=\"http:\/\/alvh.asso.fr\/wordpress\/wp-content\/uploads\/2024\/08\/marcet-fares-scaled.jpg\"><img decoding=\"async\" data-id=\"3834\" src=\"http:\/\/alvh.asso.fr\/wordpress\/wp-content\/uploads\/2024\/08\/marcet-fares-1024x705.jpg\" alt=\"\" class=\"wp-image-3834\"\/><\/a><\/figure>\n\n\n\n<figure class=\"wp-block-image size-large\"><a href=\"http:\/\/alvh.asso.fr\/wordpress\/wp-content\/uploads\/2024\/08\/marina-2-scaled.jpg\"><img decoding=\"async\" data-id=\"3835\" src=\"http:\/\/alvh.asso.fr\/wordpress\/wp-content\/uploads\/2024\/08\/marina-2-1024x495.jpg\" alt=\"\" class=\"wp-image-3835\"\/><\/a><\/figure>\n\n\n\n<figure class=\"wp-block-image size-large\"><a href=\"http:\/\/alvh.asso.fr\/wordpress\/wp-content\/uploads\/2024\/08\/martin-scaled.jpg\"><img decoding=\"async\" data-id=\"3836\" src=\"http:\/\/alvh.asso.fr\/wordpress\/wp-content\/uploads\/2024\/08\/martin-1024x511.jpg\" alt=\"\" class=\"wp-image-3836\"\/><\/a><\/figure>\n<\/figure>\n\n\n\n<p class=\"has-text-align-center\">Championnat de Meurthe et Moselle combat <\/p>\n\n\n\n<figure class=\"wp-block-gallery has-nested-images columns-default is-cropped wp-block-gallery-3 is-layout-flex wp-block-gallery-is-layout-flex\">\n<figure class=\"wp-block-image size-large\"><a href=\"http:\/\/alvh.asso.fr\/wordpress\/wp-content\/uploads\/2024\/08\/antho-et-abdallah-Championnat-de-France.jpg\"><img decoding=\"async\" data-id=\"3854\" src=\"http:\/\/alvh.asso.fr\/wordpress\/wp-content\/uploads\/2024\/08\/antho-et-abdallah-Championnat-de-France-473x1024.jpg\" alt=\"\" class=\"wp-image-3854\"\/><\/a><\/figure>\n\n\n\n<figure class=\"wp-block-image size-large\"><a href=\"http:\/\/alvh.asso.fr\/wordpress\/wp-content\/uploads\/2024\/08\/1125fab6-03b1-4607-be35-4ffbe1b37546.jpg\"><img decoding=\"async\" data-id=\"3855\" src=\"http:\/\/alvh.asso.fr\/wordpress\/wp-content\/uploads\/2024\/08\/1125fab6-03b1-4607-be35-4ffbe1b37546-576x1024.jpg\" alt=\"\" class=\"wp-image-3855\"\/><\/a><\/figure>\n<\/figure>\n\n\n\n<p class=\"has-text-align-center\">Championnat de France <\/p>\n","protected":false},"excerpt":{"rendered":"<p>Le baby karat\u00e9 (5 -7 ans) est principalement ax\u00e9 sur des exercices de motricit\u00e9, d&rsquo;\u00e9quilibre et de coordination. Le karat\u00e9 permet \u00e0 l&rsquo;enfant de s&rsquo;amuser en d\u00e9couvrant son corps et ses d\u00e9placements dans l&rsquo;espace. Pour les plus grands (8-15 ans) certains pratiquent le karat\u00e9 depuis plusieurs ann\u00e9es et maitrisent les\u2026<\/p>\n<p class=\"continue-reading-button\"> <a class=\"continue-reading-link\" href=\"http:\/\/alvh.asso.fr\/wordpress\/karate-enfants\/\">Lire l&rsquo;article<i class=\"crycon-right-dir\"><\/i><\/a><\/p>\n","protected":false},"author":5,"featured_media":0,"parent":0,"menu_order":0,"comment_status":"closed","ping_status":"closed","template":"","meta":{"footnotes":""},"class_list":["post-2539","page","type-page","status-publish","hentry"],"_links":{"self":[{"href":"http:\/\/alvh.asso.fr\/wordpress\/wp-json\/wp\/v2\/pages\/2539","targetHints":{"allow":["GET"]}}],"collection":[{"href":"http:\/\/alvh.asso.fr\/wordpress\/wp-json\/wp\/v2\/pages"}],"about":[{"href":"http:\/\/alvh.asso.fr\/wordpress\/wp-json\/wp\/v2\/types\/page"}],"author":[{"embeddable":true,"href":"http:\/\/alvh.asso.fr\/wordpress\/wp-json\/wp\/v2\/users\/5"}],"replies":[{"embeddable":true,"href":"http:\/\/alvh.asso.fr\/wordpress\/wp-json\/wp\/v2\/comments?post=2539"}],"version-history":[{"count":39,"href":"http:\/\/alvh.asso.fr\/wordpress\/wp-json\/wp\/v2\/pages\/2539\/revisions"}],"predecessor-version":[{"id":4228,"href":"http:\/\/alvh.asso.fr\/wordpress\/wp-json\/wp\/v2\/pages\/2539\/revisions\/4228"}],"wp:attachment":[{"href":"http:\/\/alvh.asso.fr\/wordpress\/wp-json\/wp\/v2\/media?parent=2539"}],"curies":[{"name":"wp","href":"https:\/\/api.w.org\/{rel}","templated":true}]}}