{"id":2784,"date":"2023-03-15T15:59:56","date_gmt":"2023-03-15T14:59:56","guid":{"rendered":"http:\/\/alvh.asso.fr\/wordpress\/?page_id=2784"},"modified":"2025-08-25T10:28:34","modified_gmt":"2025-08-25T08:28:34","slug":"formulaire-dinscription","status":"publish","type":"page","link":"http:\/\/alvh.asso.fr\/wordpress\/formulaire-dinscription\/","title":{"rendered":"Formulaire d&rsquo;Inscription"},"content":{"rendered":"\n<p>Veuillez t\u00e9l\u00e9charger les diff\u00e9rents formulaires selon votre activit\u00e9 et votre \u00e2ge:<\/p>\n\n\n\n<p>Pour faciliter votre prise en charge le jour des inscriptions merci de renseigner votre formulaire d&rsquo;inscription informatiquement pour en faciliter la lecture . Surtout n&rsquo;oubliez pas de renseigner l&rsquo;activit\u00e9 , le cr\u00e9neau et votre adresse mail.<\/p>\n\n\n\n<p><\/p>\n\n\n\n<p><\/p>\n\n\n\n<div class=\"wp-block-file\"><a id=\"wp-block-file--media-9b81ce13-9b2e-47db-b3a1-e89185ba7653\" href=\"http:\/\/alvh.asso.fr\/wordpress\/wp-content\/uploads\/2025\/08\/0-Fiche_inscription_2025-2026baby-moov-kids-moov-3.docx\">0-Fiche_inscription_2025-2026 baby moov-kids moov<\/a><a href=\"http:\/\/alvh.asso.fr\/wordpress\/wp-content\/uploads\/2025\/08\/0-Fiche_inscription_2025-2026baby-moov-kids-moov-3.docx\" class=\"wp-block-file__button wp-element-button\" download aria-describedby=\"wp-block-file--media-9b81ce13-9b2e-47db-b3a1-e89185ba7653\">T\u00e9l\u00e9charger<\/a><\/div>\n\n\n\n<div class=\"wp-block-file\"><a id=\"wp-block-file--media-e78223a8-3de7-455a-8a6f-ba2222a7acb2\" href=\"http:\/\/alvh.asso.fr\/wordpress\/wp-content\/uploads\/2025\/08\/2-Fiche_inscription_2025-2026_judo_karate.docx\">2-Fiche_inscription_2025-2026_judo_karate<\/a><a href=\"http:\/\/alvh.asso.fr\/wordpress\/wp-content\/uploads\/2025\/08\/2-Fiche_inscription_2025-2026_judo_karate.docx\" class=\"wp-block-file__button wp-element-button\" download aria-describedby=\"wp-block-file--media-e78223a8-3de7-455a-8a6f-ba2222a7acb2\">T\u00e9l\u00e9charger<\/a><\/div>\n\n\n\n<div class=\"wp-block-file\"><a id=\"wp-block-file--media-fb1e6bf1-b9d9-478c-ae2e-f375b067fa23\" href=\"http:\/\/alvh.asso.fr\/wordpress\/wp-content\/uploads\/2025\/08\/1-Fiche_inscription_2025-2026_bien-etre-et-fitness-1.docx\">1-Fiche_inscription_2025-2026_bien  etre et fitness<\/a><a href=\"http:\/\/alvh.asso.fr\/wordpress\/wp-content\/uploads\/2025\/08\/1-Fiche_inscription_2025-2026_bien-etre-et-fitness-1.docx\" class=\"wp-block-file__button wp-element-button\" download aria-describedby=\"wp-block-file--media-fb1e6bf1-b9d9-478c-ae2e-f375b067fa23\">T\u00e9l\u00e9charger<\/a><\/div>\n\n\n\n<p class=\"has-black-color has-text-color has-link-color has-medium-font-size wp-elements-d4a433311bd7709457feaae0aaeb404d\">Vous pouvez nous contacter au 06 11 07 07 11 ou par mail alvh.laxou@gmail.com<\/p>\n\n\n\n<p><\/p>\n","protected":false},"excerpt":{"rendered":"<p>Veuillez t\u00e9l\u00e9charger les diff\u00e9rents formulaires selon votre activit\u00e9 et votre \u00e2ge: Pour faciliter votre prise en charge le jour des inscriptions merci de renseigner votre formulaire d&rsquo;inscription informatiquement pour en faciliter la lecture . Surtout n&rsquo;oubliez pas de renseigner l&rsquo;activit\u00e9 , le cr\u00e9neau et votre adresse mail. Vous pouvez nous\u2026<\/p>\n<p class=\"continue-reading-button\"> <a class=\"continue-reading-link\" href=\"http:\/\/alvh.asso.fr\/wordpress\/formulaire-dinscription\/\">Lire l&rsquo;article<i class=\"crycon-right-dir\"><\/i><\/a><\/p>\n","protected":false},"author":5,"featured_media":0,"parent":0,"menu_order":0,"comment_status":"closed","ping_status":"closed","template":"","meta":{"footnotes":""},"class_list":["post-2784","page","type-page","status-publish","hentry"],"_links":{"self":[{"href":"http:\/\/alvh.asso.fr\/wordpress\/wp-json\/wp\/v2\/pages\/2784","targetHints":{"allow":["GET"]}}],"collection":[{"href":"http:\/\/alvh.asso.fr\/wordpress\/wp-json\/wp\/v2\/pages"}],"about":[{"href":"http:\/\/alvh.asso.fr\/wordpress\/wp-json\/wp\/v2\/types\/page"}],"author":[{"embeddable":true,"href":"http:\/\/alvh.asso.fr\/wordpress\/wp-json\/wp\/v2\/users\/5"}],"replies":[{"embeddable":true,"href":"http:\/\/alvh.asso.fr\/wordpress\/wp-json\/wp\/v2\/comments?post=2784"}],"version-history":[{"count":22,"href":"http:\/\/alvh.asso.fr\/wordpress\/wp-json\/wp\/v2\/pages\/2784\/revisions"}],"predecessor-version":[{"id":4174,"href":"http:\/\/alvh.asso.fr\/wordpress\/wp-json\/wp\/v2\/pages\/2784\/revisions\/4174"}],"wp:attachment":[{"href":"http:\/\/alvh.asso.fr\/wordpress\/wp-json\/wp\/v2\/media?parent=2784"}],"curies":[{"name":"wp","href":"https:\/\/api.w.org\/{rel}","templated":true}]}}