{"id":3411,"date":"2024-03-25T16:19:27","date_gmt":"2024-03-25T15:19:27","guid":{"rendered":"https:\/\/alvh.asso.fr\/wordpress\/?page_id=3411"},"modified":"2024-08-08T11:17:35","modified_gmt":"2024-08-08T09:17:35","slug":"informations-generales","status":"publish","type":"page","link":"http:\/\/alvh.asso.fr\/wordpress\/informations-generales\/","title":{"rendered":"Les \u00e9v\u00e9nements au club"},"content":{"rendered":"\n<p>Repas partag\u00e9 le samedi 22 juin 2024 . Les adh\u00e9rents et les enseignants ont r\u00e9pondu pr\u00e9sent malgr\u00e9  le temps l\u00e9g\u00e8rement maussade .<\/p>\n\n\n\n<p>les dirigeants de l&rsquo;association ont d\u00e9cid\u00e9 de r\u00e9\u00e9diter ce moment de convivialit\u00e9 <\/p>\n\n\n\n<figure class=\"wp-block-gallery has-nested-images columns-default is-cropped wp-block-gallery-1 is-layout-flex wp-block-gallery-is-layout-flex\">\n<figure class=\"wp-block-image size-large\"><a href=\"http:\/\/alvh.asso.fr\/wordpress\/wp-content\/uploads\/2024\/08\/IMG_1355-scaled.jpg\"><img decoding=\"async\" data-id=\"3861\" src=\"http:\/\/alvh.asso.fr\/wordpress\/wp-content\/uploads\/2024\/08\/IMG_1355-1024x768.jpg\" alt=\"\" class=\"wp-image-3861\"\/><\/a><\/figure>\n\n\n\n<figure class=\"wp-block-image size-large\"><a href=\"http:\/\/alvh.asso.fr\/wordpress\/wp-content\/uploads\/2024\/08\/IMG_1333-scaled.jpg\"><img decoding=\"async\" data-id=\"3860\" src=\"http:\/\/alvh.asso.fr\/wordpress\/wp-content\/uploads\/2024\/08\/IMG_1333-768x1024.jpg\" alt=\"\" class=\"wp-image-3860\"\/><\/a><\/figure>\n\n\n\n<figure class=\"wp-block-image size-large\"><a href=\"http:\/\/alvh.asso.fr\/wordpress\/wp-content\/uploads\/2024\/08\/IMG_1334-scaled.jpg\"><img decoding=\"async\" data-id=\"3859\" src=\"http:\/\/alvh.asso.fr\/wordpress\/wp-content\/uploads\/2024\/08\/IMG_1334-1024x768.jpg\" alt=\"\" class=\"wp-image-3859\"\/><\/a><\/figure>\n\n\n\n<figure class=\"wp-block-image size-large\"><a href=\"http:\/\/alvh.asso.fr\/wordpress\/wp-content\/uploads\/2024\/08\/IMG_1335-scaled.jpg\"><img decoding=\"async\" data-id=\"3864\" src=\"http:\/\/alvh.asso.fr\/wordpress\/wp-content\/uploads\/2024\/08\/IMG_1335-1024x768.jpg\" alt=\"\" class=\"wp-image-3864\"\/><\/a><\/figure>\n\n\n\n<figure class=\"wp-block-image size-large\"><a href=\"http:\/\/alvh.asso.fr\/wordpress\/wp-content\/uploads\/2024\/08\/IMG_1336-scaled.jpg\"><img decoding=\"async\" data-id=\"3862\" src=\"http:\/\/alvh.asso.fr\/wordpress\/wp-content\/uploads\/2024\/08\/IMG_1336-768x1024.jpg\" alt=\"\" class=\"wp-image-3862\"\/><\/a><\/figure>\n\n\n\n<figure class=\"wp-block-image size-large\"><a href=\"http:\/\/alvh.asso.fr\/wordpress\/wp-content\/uploads\/2024\/08\/IMG_1337-scaled.jpg\"><img decoding=\"async\" data-id=\"3863\" src=\"http:\/\/alvh.asso.fr\/wordpress\/wp-content\/uploads\/2024\/08\/IMG_1337-768x1024.jpg\" alt=\"\" class=\"wp-image-3863\"\/><\/a><\/figure>\n\n\n\n<figure class=\"wp-block-image size-large\"><a href=\"http:\/\/alvh.asso.fr\/wordpress\/wp-content\/uploads\/2024\/08\/IMG_1338-scaled.jpg\"><img decoding=\"async\" data-id=\"3865\" src=\"http:\/\/alvh.asso.fr\/wordpress\/wp-content\/uploads\/2024\/08\/IMG_1338-768x1024.jpg\" alt=\"\" class=\"wp-image-3865\"\/><\/a><\/figure>\n\n\n\n<figure class=\"wp-block-image size-large\"><a href=\"http:\/\/alvh.asso.fr\/wordpress\/wp-content\/uploads\/2024\/08\/IMG_1339-scaled.jpg\"><img decoding=\"async\" data-id=\"3866\" src=\"http:\/\/alvh.asso.fr\/wordpress\/wp-content\/uploads\/2024\/08\/IMG_1339-768x1024.jpg\" alt=\"\" class=\"wp-image-3866\"\/><\/a><\/figure>\n\n\n\n<figure class=\"wp-block-image size-large\"><a href=\"http:\/\/alvh.asso.fr\/wordpress\/wp-content\/uploads\/2024\/08\/IMG_1340-scaled.jpg\"><img decoding=\"async\" data-id=\"3867\" src=\"http:\/\/alvh.asso.fr\/wordpress\/wp-content\/uploads\/2024\/08\/IMG_1340-768x1024.jpg\" alt=\"\" class=\"wp-image-3867\"\/><\/a><\/figure>\n\n\n\n<figure class=\"wp-block-image size-large\"><a href=\"http:\/\/alvh.asso.fr\/wordpress\/wp-content\/uploads\/2024\/08\/IMG_1341-scaled.jpg\"><img decoding=\"async\" data-id=\"3868\" src=\"http:\/\/alvh.asso.fr\/wordpress\/wp-content\/uploads\/2024\/08\/IMG_1341-768x1024.jpg\" alt=\"\" class=\"wp-image-3868\"\/><\/a><\/figure>\n\n\n\n<figure class=\"wp-block-image size-large\"><a href=\"http:\/\/alvh.asso.fr\/wordpress\/wp-content\/uploads\/2024\/08\/IMG_1342-scaled.jpg\"><img decoding=\"async\" data-id=\"3869\" src=\"http:\/\/alvh.asso.fr\/wordpress\/wp-content\/uploads\/2024\/08\/IMG_1342-768x1024.jpg\" alt=\"\" class=\"wp-image-3869\"\/><\/a><\/figure>\n\n\n\n<figure class=\"wp-block-image size-large\"><a href=\"http:\/\/alvh.asso.fr\/wordpress\/wp-content\/uploads\/2024\/08\/IMG_1343-scaled.jpg\"><img decoding=\"async\" data-id=\"3870\" src=\"http:\/\/alvh.asso.fr\/wordpress\/wp-content\/uploads\/2024\/08\/IMG_1343-1024x768.jpg\" alt=\"\" class=\"wp-image-3870\"\/><\/a><\/figure>\n\n\n\n<figure class=\"wp-block-image size-large\"><a href=\"http:\/\/alvh.asso.fr\/wordpress\/wp-content\/uploads\/2024\/08\/IMG_1344-scaled.jpg\"><img decoding=\"async\" data-id=\"3871\" src=\"http:\/\/alvh.asso.fr\/wordpress\/wp-content\/uploads\/2024\/08\/IMG_1344-768x1024.jpg\" alt=\"\" class=\"wp-image-3871\"\/><\/a><\/figure>\n\n\n\n<figure class=\"wp-block-image size-large\"><a href=\"http:\/\/alvh.asso.fr\/wordpress\/wp-content\/uploads\/2024\/08\/IMG_1345-scaled.jpg\"><img decoding=\"async\" data-id=\"3872\" src=\"http:\/\/alvh.asso.fr\/wordpress\/wp-content\/uploads\/2024\/08\/IMG_1345-768x1024.jpg\" alt=\"\" class=\"wp-image-3872\"\/><\/a><\/figure>\n\n\n\n<figure class=\"wp-block-image size-large\"><a href=\"http:\/\/alvh.asso.fr\/wordpress\/wp-content\/uploads\/2024\/08\/IMG_1346-scaled.jpg\"><img decoding=\"async\" data-id=\"3873\" src=\"http:\/\/alvh.asso.fr\/wordpress\/wp-content\/uploads\/2024\/08\/IMG_1346-768x1024.jpg\" alt=\"\" class=\"wp-image-3873\"\/><\/a><\/figure>\n\n\n\n<figure class=\"wp-block-image size-large\"><a href=\"http:\/\/alvh.asso.fr\/wordpress\/wp-content\/uploads\/2024\/08\/IMG_1347-scaled.jpg\"><img decoding=\"async\" data-id=\"3875\" src=\"http:\/\/alvh.asso.fr\/wordpress\/wp-content\/uploads\/2024\/08\/IMG_1347-768x1024.jpg\" alt=\"\" class=\"wp-image-3875\"\/><\/a><\/figure>\n\n\n\n<figure class=\"wp-block-image size-large\"><a href=\"http:\/\/alvh.asso.fr\/wordpress\/wp-content\/uploads\/2024\/08\/IMG_1349-scaled.jpg\"><img loading=\"lazy\" decoding=\"async\" width=\"768\" height=\"1024\" data-id=\"3874\" src=\"http:\/\/alvh.asso.fr\/wordpress\/wp-content\/uploads\/2024\/08\/IMG_1349-768x1024.jpg\" alt=\"\" class=\"wp-image-3874\" srcset=\"http:\/\/alvh.asso.fr\/wordpress\/wp-content\/uploads\/2024\/08\/IMG_1349-768x1024.jpg 768w, http:\/\/alvh.asso.fr\/wordpress\/wp-content\/uploads\/2024\/08\/IMG_1349-225x300.jpg 225w, http:\/\/alvh.asso.fr\/wordpress\/wp-content\/uploads\/2024\/08\/IMG_1349-1152x1536.jpg 1152w, http:\/\/alvh.asso.fr\/wordpress\/wp-content\/uploads\/2024\/08\/IMG_1349-1536x2048.jpg 1536w, http:\/\/alvh.asso.fr\/wordpress\/wp-content\/uploads\/2024\/08\/IMG_1349-113x150.jpg 113w, http:\/\/alvh.asso.fr\/wordpress\/wp-content\/uploads\/2024\/08\/IMG_1349-scaled.jpg 1920w\" sizes=\"auto, (max-width: 768px) 100vw, 768px\" \/><\/a><\/figure>\n\n\n\n<figure class=\"wp-block-image size-large\"><a href=\"http:\/\/alvh.asso.fr\/wordpress\/wp-content\/uploads\/2024\/08\/IMG_1350-scaled.jpg\"><img decoding=\"async\" data-id=\"3876\" src=\"http:\/\/alvh.asso.fr\/wordpress\/wp-content\/uploads\/2024\/08\/IMG_1350-768x1024.jpg\" alt=\"\" class=\"wp-image-3876\"\/><\/a><\/figure>\n\n\n\n<figure class=\"wp-block-image size-large\"><a href=\"http:\/\/alvh.asso.fr\/wordpress\/wp-content\/uploads\/2024\/08\/IMG_1351-scaled.jpg\"><img decoding=\"async\" data-id=\"3877\" src=\"http:\/\/alvh.asso.fr\/wordpress\/wp-content\/uploads\/2024\/08\/IMG_1351-768x1024.jpg\" alt=\"\" class=\"wp-image-3877\"\/><\/a><\/figure>\n\n\n\n<figure class=\"wp-block-image size-large\"><a href=\"http:\/\/alvh.asso.fr\/wordpress\/wp-content\/uploads\/2024\/08\/IMG_1352-scaled.jpg\"><img decoding=\"async\" data-id=\"3878\" src=\"http:\/\/alvh.asso.fr\/wordpress\/wp-content\/uploads\/2024\/08\/IMG_1352-768x1024.jpg\" alt=\"\" class=\"wp-image-3878\"\/><\/a><\/figure>\n\n\n\n<figure class=\"wp-block-image size-large\"><a href=\"http:\/\/alvh.asso.fr\/wordpress\/wp-content\/uploads\/2024\/08\/IMG_1353-scaled.jpg\"><img decoding=\"async\" data-id=\"3879\" src=\"http:\/\/alvh.asso.fr\/wordpress\/wp-content\/uploads\/2024\/08\/IMG_1353-768x1024.jpg\" alt=\"\" class=\"wp-image-3879\"\/><\/a><\/figure>\n<\/figure>\n","protected":false},"excerpt":{"rendered":"<p>Repas partag\u00e9 le samedi 22 juin 2024 . Les adh\u00e9rents et les enseignants ont r\u00e9pondu pr\u00e9sent malgr\u00e9 le temps l\u00e9g\u00e8rement maussade . les dirigeants de l&rsquo;association ont d\u00e9cid\u00e9 de r\u00e9\u00e9diter ce moment de convivialit\u00e9<\/p>\n<p class=\"continue-reading-button\"> <a class=\"continue-reading-link\" href=\"http:\/\/alvh.asso.fr\/wordpress\/informations-generales\/\">Lire l&rsquo;article<i class=\"crycon-right-dir\"><\/i><\/a><\/p>\n","protected":false},"author":5,"featured_media":0,"parent":0,"menu_order":0,"comment_status":"closed","ping_status":"closed","template":"","meta":{"footnotes":""},"class_list":["post-3411","page","type-page","status-publish","hentry"],"_links":{"self":[{"href":"http:\/\/alvh.asso.fr\/wordpress\/wp-json\/wp\/v2\/pages\/3411","targetHints":{"allow":["GET"]}}],"collection":[{"href":"http:\/\/alvh.asso.fr\/wordpress\/wp-json\/wp\/v2\/pages"}],"about":[{"href":"http:\/\/alvh.asso.fr\/wordpress\/wp-json\/wp\/v2\/types\/page"}],"author":[{"embeddable":true,"href":"http:\/\/alvh.asso.fr\/wordpress\/wp-json\/wp\/v2\/users\/5"}],"replies":[{"embeddable":true,"href":"http:\/\/alvh.asso.fr\/wordpress\/wp-json\/wp\/v2\/comments?post=3411"}],"version-history":[{"count":6,"href":"http:\/\/alvh.asso.fr\/wordpress\/wp-json\/wp\/v2\/pages\/3411\/revisions"}],"predecessor-version":[{"id":3882,"href":"http:\/\/alvh.asso.fr\/wordpress\/wp-json\/wp\/v2\/pages\/3411\/revisions\/3882"}],"wp:attachment":[{"href":"http:\/\/alvh.asso.fr\/wordpress\/wp-json\/wp\/v2\/media?parent=3411"}],"curies":[{"name":"wp","href":"https:\/\/api.w.org\/{rel}","templated":true}]}}