{"id":3813,"date":"2024-08-06T16:13:06","date_gmt":"2024-08-06T14:13:06","guid":{"rendered":"http:\/\/alvh.asso.fr\/wordpress\/?page_id=3813"},"modified":"2024-08-08T11:50:46","modified_gmt":"2024-08-08T09:50:46","slug":"nouvelle-activite-running","status":"publish","type":"page","link":"http:\/\/alvh.asso.fr\/wordpress\/nouvelle-activite-running\/","title":{"rendered":"Nouvelle activit\u00e9 running"},"content":{"rendered":"\n<p>Le running pour d\u00e9butants est une activit\u00e9 accessible et gratifiante, id\u00e9ale pour am\u00e9liorer sa forme physique et son bien-\u00eatre. Sous la guidance bienveillante d&rsquo;un coach exp\u00e9riment\u00e9, les d\u00e9butants b\u00e9n\u00e9ficient d&rsquo;une ambiance chaleureuse et motivante. Le coach aide \u00e0 instaurer une routine adapt\u00e9e, alternant marche et course, augmentant graduellement la dur\u00e9e et l&rsquo;intensit\u00e9 des p\u00e9riodes de course. Les d\u00e9butants se sentiront rapidement en confiance gr\u00e2ce aux encouragements constants et aux conseils pratiques. Outre les bienfaits sur la sant\u00e9 cardiovasculaire, le running favorise \u00e9galement la gestion du stress et le renforcement musculaire. Avec le soutien du coach, les nouveaux coureurs peuvent minimiser les risques de blessures et maximiser leur plaisir et leur progression, d\u00e9couvrant ainsi leur potentiel avec chaque pas en avant.<\/p>\n\n\n\n<figure class=\"wp-block-table\"><table class=\"has-fixed-layout\"><tbody><tr><td class=\"has-text-align-center\" data-align=\"center\">Lieu <\/td><td class=\"has-text-align-center\" data-align=\"center\"><strong>Age<\/strong> <\/td><td class=\"has-text-align-center\" data-align=\"center\"><strong>Jour<\/strong> <\/td><td class=\"has-text-align-center\" data-align=\"center\"><strong>Heure <\/strong><\/td><td class=\"has-text-align-center\" data-align=\"center\"><strong>Contact <\/strong><\/td><\/tr><tr><td class=\"has-text-align-center\" data-align=\"center\">En fonction du temps <\/td><td class=\"has-text-align-center\" data-align=\"center\">+16 ans <\/td><td class=\"has-text-align-center\" data-align=\"center\">mercredi <\/td><td class=\"has-text-align-center\" data-align=\"center\">12h30-13h30<\/td><td class=\"has-text-align-center\" data-align=\"center\">0611070711<\/td><\/tr><\/tbody><\/table><figcaption class=\"wp-element-caption\">saison 2024-2025<\/figcaption><\/figure>\n\n\n\n<figure class=\"wp-block-table\"><table class=\"has-fixed-layout\"><tbody><tr><td class=\"has-text-align-center\" data-align=\"center\">Cours <\/td><td class=\"has-text-align-center\" data-align=\"center\">Ville <\/td><td class=\"has-text-align-center\" data-align=\"center\">Adh\u00e9sion<\/td><td class=\"has-text-align-center\" data-align=\"center\">Cotisation <\/td><td class=\"has-text-align-center\" data-align=\"center\">Total <\/td><\/tr><tr><td class=\"has-text-align-center\" data-align=\"center\">1 activit\u00e9<\/td><td class=\"has-text-align-center\" data-align=\"center\">Laxou<\/td><td class=\"has-text-align-center\" data-align=\"center\">15\u20ac<\/td><td class=\"has-text-align-center\" data-align=\"center\">205\u20ac<\/td><td class=\"has-text-align-center\" data-align=\"center\">220\u20ac<\/td><\/tr><tr><td class=\"has-text-align-center\" data-align=\"center\"> 1activit\u00e9 <\/td><td class=\"has-text-align-center\" data-align=\"center\">Autres villes <\/td><td class=\"has-text-align-center\" data-align=\"center\">20\u20ac<\/td><td class=\"has-text-align-center\" data-align=\"center\">205\u20ac<\/td><td class=\"has-text-align-center\" data-align=\"center\">225\u20ac<\/td><\/tr><tr><td class=\"has-text-align-center\" data-align=\"center\">2 activit\u00e9s<\/td><td class=\"has-text-align-center\" data-align=\"center\">Laxou<\/td><td class=\"has-text-align-center\" data-align=\"center\">15\u20ac<\/td><td class=\"has-text-align-center\" data-align=\"center\">335\u20ac<\/td><td class=\"has-text-align-center\" data-align=\"center\">350\u20ac<\/td><\/tr><tr><td class=\"has-text-align-center\" data-align=\"center\">2 activit\u00e9s<\/td><td class=\"has-text-align-center\" data-align=\"center\">Autres villes <\/td><td class=\"has-text-align-center\" data-align=\"center\">20\u20ac<\/td><td class=\"has-text-align-center\" data-align=\"center\">335\u20ac<\/td><td class=\"has-text-align-center\" data-align=\"center\">355\u20ac<\/td><\/tr><tr><td class=\"has-text-align-center\" data-align=\"center\">3 activit\u00e9s<\/td><td class=\"has-text-align-center\" data-align=\"center\">Laxou<\/td><td class=\"has-text-align-center\" data-align=\"center\">15\u20ac<\/td><td class=\"has-text-align-center\" data-align=\"center\">385\u20ac<\/td><td class=\"has-text-align-center\" data-align=\"center\">400\u20ac<\/td><\/tr><tr><td class=\"has-text-align-center\" data-align=\"center\">3 activit\u00e9s <\/td><td class=\"has-text-align-center\" data-align=\"center\">Autres villes <\/td><td class=\"has-text-align-center\" data-align=\"center\">20\u20ac<\/td><td class=\"has-text-align-center\" data-align=\"center\">385\u20ac<\/td><td class=\"has-text-align-center\" data-align=\"center\">405\u20ac<\/td><\/tr><\/tbody><\/table><figcaption class=\"wp-element-caption\">Tarif bien \u00eatre fitness saison 2024-2025<\/figcaption><\/figure>\n","protected":false},"excerpt":{"rendered":"<p>Le running pour d\u00e9butants est une activit\u00e9 accessible et gratifiante, id\u00e9ale pour am\u00e9liorer sa forme physique et son bien-\u00eatre. Sous la guidance bienveillante d&rsquo;un coach exp\u00e9riment\u00e9, les d\u00e9butants b\u00e9n\u00e9ficient d&rsquo;une ambiance chaleureuse et motivante. Le coach aide \u00e0 instaurer une routine adapt\u00e9e, alternant marche et course, augmentant graduellement la dur\u00e9e\u2026<\/p>\n<p class=\"continue-reading-button\"> <a class=\"continue-reading-link\" href=\"http:\/\/alvh.asso.fr\/wordpress\/nouvelle-activite-running\/\">Lire l&rsquo;article<i class=\"crycon-right-dir\"><\/i><\/a><\/p>\n","protected":false},"author":5,"featured_media":0,"parent":0,"menu_order":0,"comment_status":"closed","ping_status":"closed","template":"","meta":{"footnotes":""},"class_list":["post-3813","page","type-page","status-publish","hentry"],"_links":{"self":[{"href":"http:\/\/alvh.asso.fr\/wordpress\/wp-json\/wp\/v2\/pages\/3813","targetHints":{"allow":["GET"]}}],"collection":[{"href":"http:\/\/alvh.asso.fr\/wordpress\/wp-json\/wp\/v2\/pages"}],"about":[{"href":"http:\/\/alvh.asso.fr\/wordpress\/wp-json\/wp\/v2\/types\/page"}],"author":[{"embeddable":true,"href":"http:\/\/alvh.asso.fr\/wordpress\/wp-json\/wp\/v2\/users\/5"}],"replies":[{"embeddable":true,"href":"http:\/\/alvh.asso.fr\/wordpress\/wp-json\/wp\/v2\/comments?post=3813"}],"version-history":[{"count":5,"href":"http:\/\/alvh.asso.fr\/wordpress\/wp-json\/wp\/v2\/pages\/3813\/revisions"}],"predecessor-version":[{"id":3894,"href":"http:\/\/alvh.asso.fr\/wordpress\/wp-json\/wp\/v2\/pages\/3813\/revisions\/3894"}],"wp:attachment":[{"href":"http:\/\/alvh.asso.fr\/wordpress\/wp-json\/wp\/v2\/media?parent=3813"}],"curies":[{"name":"wp","href":"https:\/\/api.w.org\/{rel}","templated":true}]}}