{"id":1385,"date":"2022-08-29T10:05:26","date_gmt":"2022-08-29T08:05:26","guid":{"rendered":"http:\/\/localhost\/wordpress\/?page_id=1385"},"modified":"2025-08-13T08:45:03","modified_gmt":"2025-08-13T06:45:03","slug":"acceuil","status":"publish","type":"page","link":"https:\/\/alvh.asso.fr\/wordpress\/","title":{"rendered":"Accueil"},"content":{"rendered":"\n<p class=\"has-vivid-red-color has-text-color has-medium-font-size\"><\/p>\n\n\n\n<p class=\"has-white-color has-luminous-vivid-amber-background-color has-text-color has-background\"><strong>L&rsquo;Association Laxovienne Victor Hugo (A.L.V.H) est une association loi 1901 situ\u00e9e \u00e0 Laxou (agglom\u00e9ration de Nancy, Meurthe-et-Moselle), fond\u00e9e en octobre 1961. l&rsquo;A.L.V.H vous propose des activit\u00e9s sportives. L&rsquo;association se trouve Boulevard des Aiguillettes 54520 Laxou<\/strong>.<\/p>\n\n\n\n<h2 class=\"wp-block-heading has-text-align-center has-vivid-cyan-blue-color has-text-color\" style=\"font-size:21px\">Les inscriptions auront lieux \u00e0 partir du lundi 1er septembre aux horaires de cours<\/h2>\n\n\n\n<h1 class=\"wp-block-heading has-text-align-center has-vivid-red-color has-text-color has-link-color has-large-font-size wp-elements-076f9c899ef4abeac50149978c993a5b\">Planning 2025 2026<\/h1>\n\n\n<div class=\"wp-block-image\">\n<figure class=\"aligncenter size-large\"><a href=\"http:\/\/alvh.asso.fr\/wordpress\/wp-content\/uploads\/2025\/08\/AR-planning-des-activites-2025-2026_page-00012.jpg\"><img decoding=\"async\" src=\"http:\/\/alvh.asso.fr\/wordpress\/wp-content\/uploads\/2025\/08\/AR-planning-des-activites-2025-2026_page-00012-898x1024.jpg\" alt=\"\" class=\"wp-image-4035\"\/><\/a><\/figure>\n<\/div>\n\n\n<p class=\"has-text-align-center has-vivid-red-color has-text-color has-link-color has-large-font-size wp-elements-e129762d5dc14bb9fd35840a5bda9ca3\"><strong> <\/strong><\/p>\n\n\n\n<p class=\"has-text-align-center has-vivid-red-color has-text-color has-medium-font-size\"><\/p>\n\n\n\n<ul class=\"wp-block-list\">\n<li><strong>Arts martiaux (Judo, karat\u00e9)<\/strong><\/li>\n\n\n\n<li><strong>Bien \u00eatre (Pilates, Stretching Postural, Yogalates)<\/strong><\/li>\n\n\n\n<li><strong>Activit\u00e9s enfants 3-10 ans (Baby&rsquo;s Moov , Kid&rsquo;s Moov)<\/strong><\/li>\n\n\n\n<li><strong>Fitness (Cross Training , Total Body, Running)<\/strong><\/li>\n<\/ul>\n\n\n<div class=\"wp-block-image\">\n<figure class=\"aligncenter size-full\"><a href=\"http:\/\/alvh.asso.fr\/wordpress\/wp-content\/uploads\/2022\/08\/image-8.png\"><img decoding=\"async\" src=\"http:\/\/alvh.asso.fr\/wordpress\/wp-content\/uploads\/2022\/08\/image-8.png\" alt=\"\" class=\"wp-image-2296\"\/><\/a><figcaption class=\"wp-element-caption\">Localisation A.L.V.H pr\u00e9s de la cit\u00e9 des Provinces  <\/figcaption><\/figure>\n<\/div>\n\n<div class=\"wp-block-image\">\n<figure class=\"aligncenter size-large\"><a href=\"http:\/\/alvh.asso.fr\/wordpress\/wp-content\/uploads\/2022\/08\/IMG_1863.jpg\"><img loading=\"lazy\" decoding=\"async\" width=\"1024\" height=\"748\" src=\"http:\/\/alvh.asso.fr\/wordpress\/wp-content\/uploads\/2022\/08\/IMG_1863-1024x748.jpg\" alt=\"\" class=\"wp-image-2547\" srcset=\"https:\/\/alvh.asso.fr\/wordpress\/wp-content\/uploads\/2022\/08\/IMG_1863-1024x748.jpg 1024w, https:\/\/alvh.asso.fr\/wordpress\/wp-content\/uploads\/2022\/08\/IMG_1863-300x219.jpg 300w, https:\/\/alvh.asso.fr\/wordpress\/wp-content\/uploads\/2022\/08\/IMG_1863-768x561.jpg 768w, https:\/\/alvh.asso.fr\/wordpress\/wp-content\/uploads\/2022\/08\/IMG_1863-1536x1122.jpg 1536w, https:\/\/alvh.asso.fr\/wordpress\/wp-content\/uploads\/2022\/08\/IMG_1863-2048x1497.jpg 2048w, https:\/\/alvh.asso.fr\/wordpress\/wp-content\/uploads\/2022\/08\/IMG_1863-150x110.jpg 150w\" sizes=\"auto, (max-width: 1024px) 100vw, 1024px\" \/><\/a><figcaption class=\"wp-element-caption\"><strong>Gymnase Victor Hugo salle des arts martiaux<\/strong> <strong>boulevard des Aiguillettes<\/strong><\/figcaption><\/figure>\n<\/div>\n\n\n<p><\/p>\n\n\n\n<p class=\"has-text-align-center has-vivid-red-color has-text-color has-large-font-size\"><strong>Les cours ne sont  pas assur\u00e9s pendant les vacances scolaires et les jours f\u00e9ri\u00e9s.<\/strong><\/p>\n","protected":false},"excerpt":{"rendered":"<p>L&rsquo;Association Laxovienne Victor Hugo (A.L.V.H) est une association loi 1901 situ\u00e9e \u00e0 Laxou (agglom\u00e9ration de Nancy, Meurthe-et-Moselle), fond\u00e9e en octobre 1961. l&rsquo;A.L.V.H vous propose des activit\u00e9s sportives. L&rsquo;association se trouve Boulevard des Aiguillettes 54520 Laxou. Les inscriptions auront lieux \u00e0 partir du lundi 1er septembre aux horaires de cours Planning\u2026<\/p>\n<p class=\"continue-reading-button\"> <a class=\"continue-reading-link\" href=\"https:\/\/alvh.asso.fr\/wordpress\/\">Lire l&rsquo;article<i class=\"crycon-right-dir\"><\/i><\/a><\/p>\n","protected":false},"author":5,"featured_media":0,"parent":0,"menu_order":0,"comment_status":"closed","ping_status":"closed","template":"","meta":{"footnotes":""},"class_list":["post-1385","page","type-page","status-publish","hentry"],"_links":{"self":[{"href":"https:\/\/alvh.asso.fr\/wordpress\/wp-json\/wp\/v2\/pages\/1385","targetHints":{"allow":["GET"]}}],"collection":[{"href":"https:\/\/alvh.asso.fr\/wordpress\/wp-json\/wp\/v2\/pages"}],"about":[{"href":"https:\/\/alvh.asso.fr\/wordpress\/wp-json\/wp\/v2\/types\/page"}],"author":[{"embeddable":true,"href":"https:\/\/alvh.asso.fr\/wordpress\/wp-json\/wp\/v2\/users\/5"}],"replies":[{"embeddable":true,"href":"https:\/\/alvh.asso.fr\/wordpress\/wp-json\/wp\/v2\/comments?post=1385"}],"version-history":[{"count":46,"href":"https:\/\/alvh.asso.fr\/wordpress\/wp-json\/wp\/v2\/pages\/1385\/revisions"}],"predecessor-version":[{"id":4100,"href":"https:\/\/alvh.asso.fr\/wordpress\/wp-json\/wp\/v2\/pages\/1385\/revisions\/4100"}],"wp:attachment":[{"href":"https:\/\/alvh.asso.fr\/wordpress\/wp-json\/wp\/v2\/media?parent=1385"}],"curies":[{"name":"wp","href":"https:\/\/api.w.org\/{rel}","templated":true}]}}